{"id":3913,"date":"2023-08-31T10:48:42","date_gmt":"2023-08-31T10:48:42","guid":{"rendered":"https:\/\/finut2024.com\/areas-tematicas\/"},"modified":"2024-01-12T16:12:32","modified_gmt":"2024-01-12T16:12:32","slug":"areas-tematicas","status":"publish","type":"page","link":"https:\/\/finut2024.com\/pt-pt\/areas-tematicas\/","title":{"rendered":"\u00c1reas tem\u00e1ticas"},"content":{"rendered":"\n<ul class=\"wp-block-list\">\n<li>Nutri\u00e7\u00e3o saud\u00e1vel no ciclo de vida e nutri\u00e7\u00e3o cl\u00ednica<\/li>\n\n\n\n<li>Epidemiologia nutricional e desafios da Sa\u00fade P\u00fablica na Am\u00e9rica Latina<\/li>\n\n\n\n<li>Alimentos seguros, saud\u00e1veis, sustent\u00e1veis \u200b\u200be sociais<\/li>\n\n\n\n<li>M\u00e9todos e ferramentas em nutri\u00e7\u00e3o<\/li>\n<\/ul>\n\n<div style=\"height:25px\" aria-hidden=\"true\" class=\"wp-block-spacer\"><\/div>\n\n<figure class=\"wp-block-table is-style-stripes\"><table><thead><tr><td>\n          <strong>\u00c1REAS TEM\u00c1TICAS<\/strong>\n        <\/td><td>\n          <strong>DESCRI\u00c7\u00c3O E ALGUNS EXEMPLOS<\/strong>\n        <\/td><\/tr><\/thead><tbody><tr><td>M\u00e9todos e ferramentas em Nutri\u00e7\u00e3o<\/td><td>M\u00e9todos, t\u00e9cnicas e procedimentos para investiga\u00e7\u00e3o e aten\u00e7\u00e3o de problemas em alimenta\u00e7\u00e3o e nutri\u00e7\u00e3o.\n<ul>\n<li>Nutri\u00e7\u00e3o de precis\u00e3o, (Nutrigen\u00e9tica, Nutrigen\u00f4mica, Epigen\u00e9tica, Metabol\u00f4mica)<\/li>\n<li>Nutri\u00e7\u00e3o translacional<\/li>\n<li>Telessa\u00fade\/e-sa\u00fade<\/li>\n<li>Ferramentas de coleta e processamento de dados<\/li>\n<li>M\u00e9todos e tecnologias para avalia\u00e7\u00e3o do estado nutricional<\/li>\n<li>Habilidades profissionais<\/li>\n<li>Nutri\u00e7\u00e3o baseada em evid\u00eancias<\/li>\n<li>Experi\u00eancias e desafios na abordagem da avalia\u00e7\u00e3o nutricional numa popula\u00e7\u00e3o diversificada<\/li>\n<\/ul>\n<\/td><\/tr><tr><td>Nutri\u00e7\u00e3o saud\u00e1vel no ciclo de vida e Nutri\u00e7\u00e3o Cl\u00ednica<\/td><td>Evid\u00eancia cient\u00edfica para a manuten\u00e7\u00e3o das necessidades nutricionais e de atividade f\u00edsica para a preven\u00e7\u00e3o e tratamento de doen\u00e7as e a melhoria da qualidade de vida, durante o ciclo de vida.\n<ul>\n<li>Nutri\u00e7\u00e3o feminina durante a gravidez e lacta\u00e7\u00e3o<\/li>\n<li>Amamenta\u00e7\u00e3o e alimenta\u00e7\u00e3o complementar<\/li>\n<li>Nutri\u00e7\u00e3o infantil e adolescente<\/li>\n<li>Nutri\u00e7\u00e3o de adultos, idosos e longevidade saud\u00e1vel<\/li>\n<li>Nutri\u00e7\u00e3o cl\u00ednica especializada<\/li>\n<li>Nutri\u00e7\u00e3o hospitalar<\/li>\n<li>Suporte nutricional especializado (enteral e parenteral)<\/li>\n<li>Nutri\u00e7\u00e3o cl\u00ednica domiciliar<\/li>\n<\/ul>\n<\/td><\/tr><tr><td>Epidemiologia nutricional e desafios da Sa\u00fade P\u00fablica na Am\u00e9rica Latina<\/td><td>Pesquisa sobre os determinantes da desnutri\u00e7\u00e3o em todas as suas formas e propostas de interven\u00e7\u00e3o e abordagem dos principais problemas de sa\u00fade p\u00fablica na Am\u00e9rica Latina.\n<ul>\n<li>Educa\u00e7\u00e3o alimentar e nutricional e ci\u00eancias comportamentais<\/li>\n<li>Guias alimentares<\/li>\n<li>Qualidade da dieta e padr\u00f5es de estilo de vida<\/li>\n<li>Atividade f\u00edsica e esporte<\/li>\n<li>Pol\u00edticas p\u00fablicas (por exemplo, perfis nutricionais e rotulagem frontal, classifica\u00e7\u00e3o de acordo com o processamento, impostos saud\u00e1veis)<\/li>\n<li>Estrat\u00e9gias de interven\u00e7\u00e3o para a preven\u00e7\u00e3o e gest\u00e3o de doen\u00e7as cr\u00f3nico-degenerativas<\/li>\n<li>Avalia\u00e7\u00e3o do programa (sistemas de vigil\u00e2ncia, implementa\u00e7\u00e3o, design, observat\u00f3rios)<\/li>\n<li>Nutri\u00e7\u00e3o em situa\u00e7\u00e3o de pandemia (por exemplo, Covid-19)<\/li>\n<\/ul>\n<\/td><\/tr><tr><td>Alimentos seguros, saud\u00e1veis, sustent\u00e1veis \u200b\u200be sociais<\/td><td>Contribuir para os objectivos do desenvolvimento sustent\u00e1vel com investiga\u00e7\u00e3o e interven\u00e7\u00f5es que respondam \u00e0s preocupa\u00e7\u00f5es ambientais e sociais associadas \u00e0 produ\u00e7\u00e3o, processamento, seguran\u00e7a e consumo de alimentos, a fim de garantir a sa\u00fade das pessoas, respeitando a cultura, a biodiversidade e a protec\u00e7\u00e3o dos ecossistemas.\n<ul>\n<li>Ci\u00eancia gastron\u00f4mica<\/li>\n<li>Gest\u00e3o de servi\u00e7os de alimenta\u00e7\u00e3o para comunidades<\/li>\n<li>Sistemas alimentares (soberania, seguran\u00e7a alimentar, ambiente alimentar, abordagem agroecol\u00f3gica, dietas sustent\u00e1veis)<\/li>\n<li>Desenvolvimento de novos alimentos<\/li>\n<li>Dieta baseada em vegetais<\/li>\n<li>Compostos bioativos e alimentos funcionais<\/li>\n<li>Clima e agricultura para uma dieta sustent\u00e1vel e saud\u00e1vel<\/li>\n<li>Alimenta\u00e7\u00e3o e Nutri\u00e7\u00e3o em emerg\u00eancias<\/li>\n<\/ul>\n\n<\/td><\/tr><\/tbody><\/table><\/figure>\n","protected":false},"excerpt":{"rendered":"<p>\u00c1REAS TEM\u00c1TICAS DESCRI\u00c7\u00c3O E ALGUNS EXEMPLOS M\u00e9todos e ferramentas em Nutri\u00e7\u00e3o M\u00e9todos, t\u00e9cnicas e procedimentos para investiga\u00e7\u00e3o e aten\u00e7\u00e3o de problemas em alimenta\u00e7\u00e3o e nutri\u00e7\u00e3o. Nutri\u00e7\u00e3o de precis\u00e3o, (Nutrigen\u00e9tica, Nutrigen\u00f4mica, Epigen\u00e9tica, Metabol\u00f4mica) Nutri\u00e7\u00e3o translacional Telessa\u00fade\/e-sa\u00fade Ferramentas de coleta e processamento de dados M\u00e9todos e tecnologias para avalia\u00e7\u00e3o do estado nutricional Habilidades profissionais Nutri\u00e7\u00e3o baseada em<\/p>\n","protected":false},"author":1,"featured_media":0,"parent":0,"menu_order":0,"comment_status":"closed","ping_status":"closed","template":"","meta":{"footnotes":""},"class_list":["post-3913","page","type-page","status-publish","hentry"],"yoast_head":"<!-- This site is optimized with the Yoast SEO plugin v26.3 - https:\/\/yoast.com\/wordpress\/plugins\/seo\/ -->\n<title>\u00c1reas tem\u00e1ticas - Finut 2024<\/title>\n<meta name=\"robots\" content=\"index, follow, max-snippet:-1, max-image-preview:large, max-video-preview:-1\" \/>\n<link rel=\"canonical\" href=\"https:\/\/finut2024.com\/pt-pt\/areas-tematicas\/\" \/>\n<meta property=\"og:locale\" content=\"pt_PT\" \/>\n<meta property=\"og:type\" content=\"article\" \/>\n<meta property=\"og:title\" content=\"\u00c1reas tem\u00e1ticas - Finut 2024\" \/>\n<meta property=\"og:description\" content=\"\u00c1REAS TEM\u00c1TICAS DESCRI\u00c7\u00c3O E ALGUNS EXEMPLOS M\u00e9todos e ferramentas em Nutri\u00e7\u00e3o M\u00e9todos, t\u00e9cnicas e procedimentos para investiga\u00e7\u00e3o e aten\u00e7\u00e3o de problemas em alimenta\u00e7\u00e3o e nutri\u00e7\u00e3o. Nutri\u00e7\u00e3o de precis\u00e3o, (Nutrigen\u00e9tica, Nutrigen\u00f4mica, Epigen\u00e9tica, Metabol\u00f4mica) Nutri\u00e7\u00e3o translacional Telessa\u00fade\/e-sa\u00fade Ferramentas de coleta e processamento de dados M\u00e9todos e tecnologias para avalia\u00e7\u00e3o do estado nutricional Habilidades profissionais Nutri\u00e7\u00e3o baseada em\" \/>\n<meta property=\"og:url\" content=\"https:\/\/finut2024.com\/pt-pt\/areas-tematicas\/\" \/>\n<meta property=\"og:site_name\" content=\"Finut 2024\" \/>\n<meta property=\"article:modified_time\" content=\"2024-01-12T16:12:32+00:00\" \/>\n<meta name=\"twitter:card\" content=\"summary_large_image\" \/>\n<meta name=\"twitter:label1\" content=\"Tempo estimado de leitura\" \/>\n\t<meta name=\"twitter:data1\" content=\"2 minutos\" \/>\n<script type=\"application\/ld+json\" class=\"yoast-schema-graph\">{\"@context\":\"https:\/\/schema.org\",\"@graph\":[{\"@type\":\"WebPage\",\"@id\":\"https:\/\/finut2024.com\/pt-pt\/areas-tematicas\/\",\"url\":\"https:\/\/finut2024.com\/pt-pt\/areas-tematicas\/\",\"name\":\"\u00c1reas tem\u00e1ticas - Finut 2024\",\"isPartOf\":{\"@id\":\"https:\/\/finut2024.com\/pt-pt\/#website\"},\"datePublished\":\"2023-08-31T10:48:42+00:00\",\"dateModified\":\"2024-01-12T16:12:32+00:00\",\"breadcrumb\":{\"@id\":\"https:\/\/finut2024.com\/pt-pt\/areas-tematicas\/#breadcrumb\"},\"inLanguage\":\"pt-PT\",\"potentialAction\":[{\"@type\":\"ReadAction\",\"target\":[\"https:\/\/finut2024.com\/pt-pt\/areas-tematicas\/\"]}]},{\"@type\":\"BreadcrumbList\",\"@id\":\"https:\/\/finut2024.com\/pt-pt\/areas-tematicas\/#breadcrumb\",\"itemListElement\":[{\"@type\":\"ListItem\",\"position\":1,\"name\":\"Portada\",\"item\":\"https:\/\/finut2024.com\/pt-pt\/\"},{\"@type\":\"ListItem\",\"position\":2,\"name\":\"\u00c1reas tem\u00e1ticas\"}]},{\"@type\":\"WebSite\",\"@id\":\"https:\/\/finut2024.com\/pt-pt\/#website\",\"url\":\"https:\/\/finut2024.com\/pt-pt\/\",\"name\":\"Finut 2024\",\"description\":\"Finut 2024\",\"potentialAction\":[{\"@type\":\"SearchAction\",\"target\":{\"@type\":\"EntryPoint\",\"urlTemplate\":\"https:\/\/finut2024.com\/pt-pt\/?s={search_term_string}\"},\"query-input\":{\"@type\":\"PropertyValueSpecification\",\"valueRequired\":true,\"valueName\":\"search_term_string\"}}],\"inLanguage\":\"pt-PT\"}]}<\/script>\n<!-- \/ Yoast SEO plugin. -->","yoast_head_json":{"title":"\u00c1reas tem\u00e1ticas - Finut 2024","robots":{"index":"index","follow":"follow","max-snippet":"max-snippet:-1","max-image-preview":"max-image-preview:large","max-video-preview":"max-video-preview:-1"},"canonical":"https:\/\/finut2024.com\/pt-pt\/areas-tematicas\/","og_locale":"pt_PT","og_type":"article","og_title":"\u00c1reas tem\u00e1ticas - Finut 2024","og_description":"\u00c1REAS TEM\u00c1TICAS DESCRI\u00c7\u00c3O E ALGUNS EXEMPLOS M\u00e9todos e ferramentas em Nutri\u00e7\u00e3o M\u00e9todos, t\u00e9cnicas e procedimentos para investiga\u00e7\u00e3o e aten\u00e7\u00e3o de problemas em alimenta\u00e7\u00e3o e nutri\u00e7\u00e3o. Nutri\u00e7\u00e3o de precis\u00e3o, (Nutrigen\u00e9tica, Nutrigen\u00f4mica, Epigen\u00e9tica, Metabol\u00f4mica) Nutri\u00e7\u00e3o translacional Telessa\u00fade\/e-sa\u00fade Ferramentas de coleta e processamento de dados M\u00e9todos e tecnologias para avalia\u00e7\u00e3o do estado nutricional Habilidades profissionais Nutri\u00e7\u00e3o baseada em","og_url":"https:\/\/finut2024.com\/pt-pt\/areas-tematicas\/","og_site_name":"Finut 2024","article_modified_time":"2024-01-12T16:12:32+00:00","twitter_card":"summary_large_image","twitter_misc":{"Tempo estimado de leitura":"2 minutos"},"schema":{"@context":"https:\/\/schema.org","@graph":[{"@type":"WebPage","@id":"https:\/\/finut2024.com\/pt-pt\/areas-tematicas\/","url":"https:\/\/finut2024.com\/pt-pt\/areas-tematicas\/","name":"\u00c1reas tem\u00e1ticas - Finut 2024","isPartOf":{"@id":"https:\/\/finut2024.com\/pt-pt\/#website"},"datePublished":"2023-08-31T10:48:42+00:00","dateModified":"2024-01-12T16:12:32+00:00","breadcrumb":{"@id":"https:\/\/finut2024.com\/pt-pt\/areas-tematicas\/#breadcrumb"},"inLanguage":"pt-PT","potentialAction":[{"@type":"ReadAction","target":["https:\/\/finut2024.com\/pt-pt\/areas-tematicas\/"]}]},{"@type":"BreadcrumbList","@id":"https:\/\/finut2024.com\/pt-pt\/areas-tematicas\/#breadcrumb","itemListElement":[{"@type":"ListItem","position":1,"name":"Portada","item":"https:\/\/finut2024.com\/pt-pt\/"},{"@type":"ListItem","position":2,"name":"\u00c1reas tem\u00e1ticas"}]},{"@type":"WebSite","@id":"https:\/\/finut2024.com\/pt-pt\/#website","url":"https:\/\/finut2024.com\/pt-pt\/","name":"Finut 2024","description":"Finut 2024","potentialAction":[{"@type":"SearchAction","target":{"@type":"EntryPoint","urlTemplate":"https:\/\/finut2024.com\/pt-pt\/?s={search_term_string}"},"query-input":{"@type":"PropertyValueSpecification","valueRequired":true,"valueName":"search_term_string"}}],"inLanguage":"pt-PT"}]}},"_hostinger_reach_plugin_has_subscription_block":false,"_hostinger_reach_plugin_is_elementor":false,"zion_builder_status":true,"_links":{"self":[{"href":"https:\/\/finut2024.com\/pt-pt\/wp-json\/wp\/v2\/pages\/3913","targetHints":{"allow":["GET"]}}],"collection":[{"href":"https:\/\/finut2024.com\/pt-pt\/wp-json\/wp\/v2\/pages"}],"about":[{"href":"https:\/\/finut2024.com\/pt-pt\/wp-json\/wp\/v2\/types\/page"}],"author":[{"embeddable":true,"href":"https:\/\/finut2024.com\/pt-pt\/wp-json\/wp\/v2\/users\/1"}],"replies":[{"embeddable":true,"href":"https:\/\/finut2024.com\/pt-pt\/wp-json\/wp\/v2\/comments?post=3913"}],"version-history":[{"count":7,"href":"https:\/\/finut2024.com\/pt-pt\/wp-json\/wp\/v2\/pages\/3913\/revisions"}],"predecessor-version":[{"id":3931,"href":"https:\/\/finut2024.com\/pt-pt\/wp-json\/wp\/v2\/pages\/3913\/revisions\/3931"}],"wp:attachment":[{"href":"https:\/\/finut2024.com\/pt-pt\/wp-json\/wp\/v2\/media?parent=3913"}],"curies":[{"name":"wp","href":"https:\/\/api.w.org\/{rel}","templated":true}]}}