{"id":3798,"date":"2024-01-11T15:28:44","date_gmt":"2024-01-11T15:28:44","guid":{"rendered":"https:\/\/finut2024.com\/aviso-legal\/"},"modified":"2024-01-11T15:41:31","modified_gmt":"2024-01-11T15:41:31","slug":"aviso-legal","status":"publish","type":"page","link":"https:\/\/finut2024.com\/pt-pt\/aviso-legal\/","title":{"rendered":"Aviso legal"},"content":{"rendered":"\n<h3 class=\"wp-block-heading has-text-align-center\">\n          <strong>CL\u00c1USULAS PARA AVISOS LEGAIS EM S\u00cdTIOS WEB<\/strong>\n        <\/h3>\n\n<p>FUNDACI\u00d3N IBEROAMERICANA DE NUTRICI\u00d3N (doravante \u201ca empresa\u201d), com sede em AVENIDA DEL CONOCIO 12, EDIF I+D ARMILLA PTS, 18016 ARMILLA (GRANADA), e com CIF G18956904, inscrita no Registro de Funda\u00e7\u00f5es do Minist\u00e9rio da Educa\u00e7\u00e3o, Cultura e Desporto com o n\u00famero 1344. RELAT\u00d3RIOS:<\/p>\n\n<p>A utiliza\u00e7\u00e3o do nome de dom\u00ednio www.finut.org est\u00e1 devidamente registada pela empresa, com todas as garantias, tal como estipulado na Lei 34\/2002, de 11 de julho, de Servi\u00e7os da Sociedade da Informa\u00e7\u00e3o e Com\u00e9rcio Eletr\u00f3nico. No entanto, declara-se que as presentes Condi\u00e7\u00f5es Jur\u00eddicas est\u00e3o em plena conformidade com a legisla\u00e7\u00e3o em vigor em mat\u00e9ria de prote\u00e7\u00e3o de dados, com\u00e9rcio eletr\u00f3nico, condi\u00e7\u00f5es contratuais, propriedade intelectual e outras disposi\u00e7\u00f5es subsidi\u00e1rias.<\/p>\n\n<p><strong>1.- ACEITA\u00c7\u00c3O DOS TERMOS LEGAIS<br\/><\/strong>1.1.) O acesso a este site ou a sua utiliza\u00e7\u00e3o de qualquer forma implica a aceita\u00e7\u00e3o de todos e cada um destes Termos Legais, reservando-se a empresa o direito de modific\u00e1-los a qualquer momento. Consequentemente, \u00e9 da responsabilidade de todos os visitantes e\/ou Utilizadores lerem atentamente as Condi\u00e7\u00f5es Legais de Utiliza\u00e7\u00e3o em vigor sempre que acedam a este s\u00edtio Web, pelo que, caso n\u00e3o concordem com alguma destas Condi\u00e7\u00f5es de Utiliza\u00e7\u00e3o, devem abster-se de utilizar este s\u00edtio Web.<\/p>\n\n<p><strong>2.- OBJECTIVO<\/strong><br\/>2.1.) Atrav\u00e9s do s\u00edtio www.finut.org, os Utilizadores t\u00eam acesso a v\u00e1rios conte\u00fados, servi\u00e7os, informa\u00e7\u00f5es e dados (os &#8220;conte\u00fados&#8221;) colocados \u00e0 sua disposi\u00e7\u00e3o. A empresa reserva-se o direito de modificar a qualquer momento a apresenta\u00e7\u00e3o, a configura\u00e7\u00e3o e a localiza\u00e7\u00e3o do s\u00edtio Web, bem como os conte\u00fados, produtos e servi\u00e7os nele disponibilizados.<\/p>\n\n<p><strong>3.- CONDI\u00c7\u00d5ES DE ACESSO<\/strong><br\/>3.1.) O acesso \u00e0 informa\u00e7\u00e3o sobre os diferentes produtos e servi\u00e7os dispon\u00edveis no site, bem como a navega\u00e7\u00e3o no mesmo, ser\u00e1 livre e gratuito, n\u00e3o sendo exigido aos Utilizadores o registo e fornecimento dos seus dados pessoais, nem a utiliza\u00e7\u00e3o de chaves ou palavras-passe.<\/p>\n\n<p>3.2.) Quando for necess\u00e1rio fornecer dados pessoais para aceder a determinados conte\u00fados ou servi\u00e7os, o Utilizador dever\u00e1 garantir a sua veracidade, exatid\u00e3o, autenticidade e validade. A empresa dar\u00e1 a estes dados o tratamento automatizado correspondente, de acordo com a sua natureza ou finalidade, nos termos indicados na sec\u00e7\u00e3o Pol\u00edtica de Prote\u00e7\u00e3o de Dados.<\/p>\n\n<p><strong>4.- CONDI\u00c7\u00d5ES DE UTILIZA\u00c7\u00c3O<\/strong><br\/>4.1.) O Utilizador compromete-se a fazer uma utiliza\u00e7\u00e3o adequada e l\u00edcita do s\u00edtio Web e dos seus conte\u00fados e servi\u00e7os, em conformidade com a legisla\u00e7\u00e3o aplic\u00e1vel em cada momento, com as Condi\u00e7\u00f5es Legais do s\u00edtio Web, com a moral e os bons costumes geralmente aceites e com a ordem p\u00fablica.<\/p>\n\n<p>O Utilizador deve abster-se de:<br\/>1. fazer uma utiliza\u00e7\u00e3o n\u00e3o autorizada ou fraudulenta do s\u00edtio Web e\/ou dos seus conte\u00fados para fins ou efeitos il\u00edcitos, proibidos nas presentes Condi\u00e7\u00f5es Legais, lesivos dos direitos e interesses de terceiros, ou que de qualquer forma possam danificar, inutilizar, sobrecarregar, deteriorar ou impedir a normal utiliza\u00e7\u00e3o dos servi\u00e7os ou dos documentos, ficheiros e todo o tipo de conte\u00fados armazenados em qualquer equipamento inform\u00e1tico;<\/p>\n\n<p>2. Aceder ou tentar aceder a recursos ou \u00e1reas restritas do site, sem cumprir as condi\u00e7\u00f5es exigidas para esse acesso;<\/p>\n\n<p>3. Causar danos nos sistemas f\u00edsicos ou l\u00f3gicos do s\u00edtio Web, dos seus fornecedores ou de terceiros;<\/p>\n\n<p>4. Introduzir ou disseminar v\u00edrus inform\u00e1ticos ou quaisquer outros sistemas f\u00edsicos ou l\u00f3gicos suscept\u00edveis de causar danos nos sistemas f\u00edsicos ou l\u00f3gicos da empresa, dos seus fornecedores ou de terceiros;<\/p>\n\n<p>5. Tentar aceder, utilizar e\/ou manipular os dados da empresa, de terceiros fornecedores e de outros Utilizadores;<\/p>\n\n<p>6. Reproduzir ou copiar, distribuir, permitir o acesso p\u00fablico atrav\u00e9s de qualquer forma de comunica\u00e7\u00e3o p\u00fablica, transformar ou modificar os conte\u00fados, exceto se tiver a autoriza\u00e7\u00e3o expressa do titular dos direitos correspondentes ou se tal for legalmente permitido;<\/p>\n\n<p>7. Suprimir, ocultar ou manipular as notas sobre direitos de propriedade intelectual ou industrial e outros dados identificativos dos direitos da empresa ou de terceiros incorporados nos conte\u00fados, bem como os dispositivos t\u00e9cnicos de prote\u00e7\u00e3o ou quaisquer mecanismos de informa\u00e7\u00e3o que possam ser inseridos nos conte\u00fados;<\/p>\n\n<p>8. tentar obter dados pessoais para al\u00e9m dos que est\u00e1 autorizado a conhecer, utilizando meios ou procedimentos ilegais, fraudulentos ou suscept\u00edveis de causar qualquer tipo de dano. (Ver V\u00edrus, Trojans, Bugs, Worms, etc.).<\/p>\n\n<p>9. Em particular, e a t\u00edtulo meramente exemplificativo e n\u00e3o limitativo, o Utilizador compromete-se a n\u00e3o transmitir, difundir ou colocar \u00e0 disposi\u00e7\u00e3o de terceiros informa\u00e7\u00f5es, dados, conte\u00fados, mensagens, gr\u00e1ficos, desenhos, ficheiros de som e\/ou imagem, fotografias, grava\u00e7\u00f5es, software e, em geral, qualquer tipo de material que:<\/p>\n\n<p>a. De qualquer forma que seja contr\u00e1ria, prejudique ou viole os direitos fundamentais e as liberdades p\u00fablicas reconhecidos na Constitui\u00e7\u00e3o, nos tratados internacionais e noutros actos legislativos;<\/p>\n\n<p>b. Induzir, incitar ou promover ac\u00e7\u00f5es criminosas, denegridoras, difamat\u00f3rias ou violentas ou, em geral, ac\u00e7\u00f5es contr\u00e1rias \u00e0 lei, \u00e0 moral, aos bons costumes geralmente aceites ou \u00e0 ordem p\u00fablica;<\/p>\n\n<p>c. Induzir, incitar ou promover ac\u00e7\u00f5es, atitudes ou pensamentos discriminat\u00f3rios em raz\u00e3o do sexo, ra\u00e7a, religi\u00e3o, cren\u00e7a, idade ou estatuto;<\/p>\n\n<p>d. Incorpore, disponibilize ou permita o acesso a produtos, elementos, mensagens e\/ou servi\u00e7os de car\u00e1cter criminoso, violento, ofensivo, nocivo, degradante ou, em geral, contr\u00e1rio \u00e0 lei, \u00e0 moral e aos bons costumes geralmente aceites ou \u00e0 ordem p\u00fablica;<\/p>\n\n<p>e. Induz ou \u00e9 suscet\u00edvel de induzir um estado inaceit\u00e1vel de ansiedade ou medo;<\/p>\n\n<p>f. Induzir ou incitar a pr\u00e1ticas perigosas, de risco ou prejudiciais \u00e0 sa\u00fade e ao equil\u00edbrio psicol\u00f3gico;<\/p>\n\n<p>g. Est\u00e1 protegido pela legisla\u00e7\u00e3o sobre prote\u00e7\u00e3o intelectual ou industrial pertencente \u00e0 empresa ou a terceiros sem que a utiliza\u00e7\u00e3o prevista tenha sido autorizada;<\/p>\n\n<p>h. Seja contr\u00e1rio \u00e0 honra, \u00e0 privacidade pessoal e familiar ou \u00e0 autoimagem dos indiv\u00edduos;<\/p>\n\n<p>i. Constitui qualquer forma de publicidade;<\/p>\n\n<p>j. Incluir qualquer tipo de v\u00edrus ou programa que impe\u00e7a o funcionamento normal do s\u00edtio Web.<\/p>\n\n<p><strong>5.- RESPONSABILIDADES<\/strong><br\/>5.1.) A empresa n\u00e3o garante o acesso cont\u00ednuo, nem a correcta visualiza\u00e7\u00e3o, descarregamento ou utiliza\u00e7\u00e3o dos elementos e informa\u00e7\u00f5es contidos nas p\u00e1ginas da empresa, que podem ser impedidos, dificultados ou interrompidos por factores ou circunst\u00e2ncias fora do seu controlo.<\/p>\n\n<p>5.2.) A empresa pode interromper o servi\u00e7o ou terminar imediatamente a rela\u00e7\u00e3o com o Utilizador se detetar que a utiliza\u00e7\u00e3o do seu Portal ou de qualquer dos servi\u00e7os nele oferecidos \u00e9 contr\u00e1ria \u00e0s presentes Condi\u00e7\u00f5es Legais.<\/p>\n\n<p>5.3.) A empresa coloca \u00e0 disposi\u00e7\u00e3o dos utilizadores um endere\u00e7o de correio eletr\u00f3nico EMAIL000 para que qualquer conte\u00fado que possa afetar a atividade de outros utilizadores possa ser levado ao seu conhecimento, com a vontade de o retificar se for caso disso.<\/p>\n\n<p>5.4.) A empresa n\u00e3o \u00e9 respons\u00e1vel por danos, perdas, reclama\u00e7\u00f5es ou despesas causadas por:<\/p>\n\n<p>i. interfer\u00eancias, interrup\u00e7\u00f5es, falhas, omiss\u00f5es, avarias telef\u00f3nicas, atrasos, bloqueios ou desconex\u00f5es no funcionamento do sistema eletr\u00f3nico, causados por defici\u00eancias, sobrecargas e erros nas linhas e redes de telecomunica\u00e7\u00f5es, ou por qualquer outra causa fora do controlo da Empresa;<\/p>\n\n<p>ii. interfer\u00eancias ilegais atrav\u00e9s da utiliza\u00e7\u00e3o de software malicioso de qualquer tipo e por qualquer meio de comunica\u00e7\u00e3o, como v\u00edrus inform\u00e1ticos ou qualquer outro meio;<\/p>\n\n<p>iii. utiliza\u00e7\u00e3o indevida ou inadequada dos s\u00edtios Web da empresa;<\/p>\n\n<p>iv. erros de seguran\u00e7a ou de navega\u00e7\u00e3o causados por um mau funcionamento do navegador ou pela utiliza\u00e7\u00e3o de vers\u00f5es n\u00e3o actualizadas do mesmo. Os administradores da empresa reservam-se o direito de retirar, no todo ou em parte, qualquer conte\u00fado ou informa\u00e7\u00e3o presente no s\u00edtio Web.<\/p>\n\n<p>5.5.) A empresa exclui qualquer responsabilidade por danos de qualquer tipo que possam ser devidos \u00e0 m\u00e1 utiliza\u00e7\u00e3o dos servi\u00e7os dispon\u00edveis gratuitamente e \u00e0 utiliza\u00e7\u00e3o pelos utilizadores da Web. Da mesma forma, a empresa fica exonerada de qualquer responsabilidade pelo conte\u00fado e informa\u00e7\u00f5es que possam ser recebidas como resultado dos formul\u00e1rios de recolha de dados, sendo os mesmos apenas para a presta\u00e7\u00e3o dos servi\u00e7os descritos oferecidos pela empresa; Servi\u00e7os como com\u00e9rcio online e pedido de or\u00e7amentos. Por outro lado, em caso de danos causados por uma utiliza\u00e7\u00e3o il\u00edcita ou incorrecta destes servi\u00e7os.<\/p>\n\n<p><strong>6.- PROPRIEDADE INTELECTUAL E INDUSTRIAL<\/strong><br\/>) O Utilizador reconhece e aceita que todas as marcas, nomes comerciais ou sinais distintivos, todos os direitos de propriedade industrial e intelectual sobre os conte\u00fados e\/ou quaisquer outros elementos inseridos na p\u00e1gina s\u00e3o propriedade exclusiva da empresa e\/ou de terceiros, que t\u00eam o direito exclusivo de os utilizar no exerc\u00edcio da sua atividade comercial. O acesso ao s\u00edtio Web n\u00e3o implica, em caso algum, qualquer tipo de ren\u00fancia, transmiss\u00e3o, licen\u00e7a ou transfer\u00eancia total ou parcial desses direitos, salvo indica\u00e7\u00e3o expressa em contr\u00e1rio. As presentes Condi\u00e7\u00f5es Legais do S\u00edtio Web n\u00e3o concedem aos Utilizadores qualquer outro direito de utiliza\u00e7\u00e3o, altera\u00e7\u00e3o, explora\u00e7\u00e3o, reprodu\u00e7\u00e3o, distribui\u00e7\u00e3o ou comunica\u00e7\u00e3o p\u00fablica do S\u00edtio Web e\/ou dos seus Conte\u00fados para al\u00e9m dos expressamente previstos nas mesmas. Qualquer outra utiliza\u00e7\u00e3o ou explora\u00e7\u00e3o de quaisquer outros direitos est\u00e1 sujeita \u00e0 autoriza\u00e7\u00e3o pr\u00e9via e expressa concedida especificamente para o efeito pela empresa ou pelo terceiro titular dos direitos afectados.<\/p>\n\n<p>6.2.) Os conte\u00fados, textos, fotografias, desenhos, log\u00f3tipos, imagens, programas inform\u00e1ticos, c\u00f3digos-fonte e, em geral, qualquer cria\u00e7\u00e3o intelectual deste s\u00edtio, bem como o pr\u00f3prio s\u00edtio no seu conjunto, enquanto obra art\u00edstica multim\u00e9dia, est\u00e3o protegidos como direitos de autor pela legisla\u00e7\u00e3o relativa \u00e0 propriedade intelectual. A empresa \u00e9 a propriet\u00e1ria dos elementos que comp\u00f5em o design gr\u00e1fico do seu s\u00edtio Web, dos menus, bot\u00f5es de navega\u00e7\u00e3o, c\u00f3digo HTML, textos, imagens, texturas, gr\u00e1ficos e qualquer outro conte\u00fado do s\u00edtio Web ou, em qualquer caso, possui a autoriza\u00e7\u00e3o correspondente para a utiliza\u00e7\u00e3o dos referidos elementos. O conte\u00fado deste s\u00edtio Web n\u00e3o pode ser reproduzido, no todo ou em parte, nem transmitido, nem registado por qualquer sistema de recupera\u00e7\u00e3o de informa\u00e7\u00e3o, sob qualquer forma ou por qualquer meio, sem a autoriza\u00e7\u00e3o pr\u00e9via por escrito da referida entidade.<\/p>\n\n<p>6.3.) \u00c9 igualmente proibido retirar, iludir ou manipular os direitos de autor e da empresa, bem como os dispositivos t\u00e9cnicos de prote\u00e7\u00e3o, ou quaisquer mecanismos de informa\u00e7\u00e3o que possam estar contidos nos conte\u00fados. O utilizador deste s\u00edtio Web compromete-se a respeitar os direitos acima mencionados e a evitar qualquer a\u00e7\u00e3o que possa prejudic\u00e1-los, reservando-se a empresa, em qualquer caso, o direito de exercer todos os meios legais ou ac\u00e7\u00f5es que lhe correspondam em defesa dos seus leg\u00edtimos direitos de propriedade intelectual e industrial.<\/p>\n\n<p><strong>7.- PROTEC\u00c7\u00c3O DE DADOS<\/strong><br\/>7.1.) Para utilizar alguns dos Servi\u00e7os, o Utilizador deve fornecer previamente determinados dados pessoais. Para este efeito, a empresa tratar\u00e1 automaticamente os dados pessoais em conformidade com a Lei Org\u00e2nica 15\/1999, de 13 de dezembro, sobre a Prote\u00e7\u00e3o de Dados Pessoais. Para o efeito, o utilizador pode aceder \u00e0 pol\u00edtica seguida no tratamento dos dados pessoais (POL\u00cdTICA DE PROTEC\u00c7\u00c3O DE DADOS), bem como ao estabelecimento das finalidades previamente estabelecidas, tal como consta das condi\u00e7\u00f5es definidas na Pol\u00edtica de Prote\u00e7\u00e3o de Dados apresentada no S\u00edtio Web.<\/p>\n\n<p><strong>8.- DURA\u00c7\u00c3O E CESSA\u00c7\u00c3O<\/strong><br\/>8.1.) A presta\u00e7\u00e3o do servi\u00e7o deste s\u00edtio Web e de outros servi\u00e7os tem, em princ\u00edpio, uma dura\u00e7\u00e3o indeterminada. No entanto, a empresa pode p\u00f4r termo ou suspender qualquer um dos servi\u00e7os do portal. Sempre que poss\u00edvel, a empresa deve anunciar a cessa\u00e7\u00e3o ou suspens\u00e3o da presta\u00e7\u00e3o de um determinado servi\u00e7o.<\/p>\n\n<p><strong>9.- FOR\u00c7A MAIOR<\/strong><br\/>9.1.) A empresa n\u00e3o ser\u00e1 respons\u00e1vel em todos os casos de impossibilidade de presta\u00e7\u00e3o do servi\u00e7o, se tal se dever a interrup\u00e7\u00f5es prolongadas do fornecimento de eletricidade, linhas de telecomunica\u00e7\u00f5es, conflitos sociais, greves, rebeli\u00f5es, explos\u00f5es, inunda\u00e7\u00f5es, actos e omiss\u00f5es do Governo e, em geral, todos os casos de for\u00e7a maior.<\/p>\n\n<p><strong>10.- LEI APLIC\u00c1VEL E JURISDI\u00c7\u00c3O<\/strong><br\/>10.1.) As presentes Condi\u00e7\u00f5es Legais s\u00e3o regidas pela legisla\u00e7\u00e3o espanhola. Na medida do permitido por lei, as partes renunciam expressamente a qualquer outra jurisdi\u00e7\u00e3o a que possam ter direito e concordam em submeter-se \u00e0 jurisdi\u00e7\u00e3o dos tribunais onde a sede da empresa est\u00e1 localizada.<\/p>\n","protected":false},"excerpt":{"rendered":"<p>CL\u00c1USULAS PARA AVISOS LEGAIS EM S\u00cdTIOS WEB FUNDACI\u00d3N IBEROAMERICANA DE NUTRICI\u00d3N (doravante \u201ca empresa\u201d), com sede em AVENIDA DEL CONOCIO 12, EDIF I+D ARMILLA PTS, 18016 ARMILLA (GRANADA), e com CIF G18956904, inscrita no Registro de Funda\u00e7\u00f5es do Minist\u00e9rio da Educa\u00e7\u00e3o, Cultura e Desporto com o n\u00famero 1344. RELAT\u00d3RIOS: A utiliza\u00e7\u00e3o do nome de dom\u00ednio<\/p>\n","protected":false},"author":1,"featured_media":0,"parent":0,"menu_order":0,"comment_status":"closed","ping_status":"closed","template":"","meta":{"footnotes":""},"class_list":["post-3798","page","type-page","status-publish","hentry"],"yoast_head":"<!-- This site is optimized with the Yoast SEO plugin v26.3 - https:\/\/yoast.com\/wordpress\/plugins\/seo\/ -->\n<title>Aviso legal - Finut 2024<\/title>\n<meta name=\"robots\" content=\"index, follow, max-snippet:-1, max-image-preview:large, max-video-preview:-1\" \/>\n<link rel=\"canonical\" href=\"https:\/\/finut2024.com\/pt-pt\/aviso-legal\/\" \/>\n<meta property=\"og:locale\" content=\"pt_PT\" \/>\n<meta property=\"og:type\" content=\"article\" \/>\n<meta property=\"og:title\" content=\"Aviso legal - Finut 2024\" \/>\n<meta property=\"og:description\" content=\"CL\u00c1USULAS PARA AVISOS LEGAIS EM S\u00cdTIOS WEB FUNDACI\u00d3N IBEROAMERICANA DE NUTRICI\u00d3N (doravante \u201ca empresa\u201d), com sede em AVENIDA DEL CONOCIO 12, EDIF I+D ARMILLA PTS, 18016 ARMILLA (GRANADA), e com CIF G18956904, inscrita no Registro de Funda\u00e7\u00f5es do Minist\u00e9rio da Educa\u00e7\u00e3o, Cultura e Desporto com o n\u00famero 1344. RELAT\u00d3RIOS: A utiliza\u00e7\u00e3o do nome de dom\u00ednio\" \/>\n<meta property=\"og:url\" content=\"https:\/\/finut2024.com\/pt-pt\/aviso-legal\/\" \/>\n<meta property=\"og:site_name\" content=\"Finut 2024\" \/>\n<meta property=\"article:modified_time\" content=\"2024-01-11T15:41:31+00:00\" \/>\n<meta name=\"twitter:card\" content=\"summary_large_image\" \/>\n<meta name=\"twitter:label1\" content=\"Tempo estimado de leitura\" \/>\n\t<meta name=\"twitter:data1\" content=\"11 minutos\" \/>\n<script type=\"application\/ld+json\" class=\"yoast-schema-graph\">{\"@context\":\"https:\/\/schema.org\",\"@graph\":[{\"@type\":\"WebPage\",\"@id\":\"https:\/\/finut2024.com\/pt-pt\/aviso-legal\/\",\"url\":\"https:\/\/finut2024.com\/pt-pt\/aviso-legal\/\",\"name\":\"Aviso legal - Finut 2024\",\"isPartOf\":{\"@id\":\"https:\/\/finut2024.com\/pt-pt\/#website\"},\"datePublished\":\"2024-01-11T15:28:44+00:00\",\"dateModified\":\"2024-01-11T15:41:31+00:00\",\"breadcrumb\":{\"@id\":\"https:\/\/finut2024.com\/pt-pt\/aviso-legal\/#breadcrumb\"},\"inLanguage\":\"pt-PT\",\"potentialAction\":[{\"@type\":\"ReadAction\",\"target\":[\"https:\/\/finut2024.com\/pt-pt\/aviso-legal\/\"]}]},{\"@type\":\"BreadcrumbList\",\"@id\":\"https:\/\/finut2024.com\/pt-pt\/aviso-legal\/#breadcrumb\",\"itemListElement\":[{\"@type\":\"ListItem\",\"position\":1,\"name\":\"Portada\",\"item\":\"https:\/\/finut2024.com\/pt-pt\/\"},{\"@type\":\"ListItem\",\"position\":2,\"name\":\"Aviso legal\"}]},{\"@type\":\"WebSite\",\"@id\":\"https:\/\/finut2024.com\/pt-pt\/#website\",\"url\":\"https:\/\/finut2024.com\/pt-pt\/\",\"name\":\"Finut 2024\",\"description\":\"Finut 2024\",\"potentialAction\":[{\"@type\":\"SearchAction\",\"target\":{\"@type\":\"EntryPoint\",\"urlTemplate\":\"https:\/\/finut2024.com\/pt-pt\/?s={search_term_string}\"},\"query-input\":{\"@type\":\"PropertyValueSpecification\",\"valueRequired\":true,\"valueName\":\"search_term_string\"}}],\"inLanguage\":\"pt-PT\"}]}<\/script>\n<!-- \/ Yoast SEO plugin. -->","yoast_head_json":{"title":"Aviso legal - Finut 2024","robots":{"index":"index","follow":"follow","max-snippet":"max-snippet:-1","max-image-preview":"max-image-preview:large","max-video-preview":"max-video-preview:-1"},"canonical":"https:\/\/finut2024.com\/pt-pt\/aviso-legal\/","og_locale":"pt_PT","og_type":"article","og_title":"Aviso legal - Finut 2024","og_description":"CL\u00c1USULAS PARA AVISOS LEGAIS EM S\u00cdTIOS WEB FUNDACI\u00d3N IBEROAMERICANA DE NUTRICI\u00d3N (doravante \u201ca empresa\u201d), com sede em AVENIDA DEL CONOCIO 12, EDIF I+D ARMILLA PTS, 18016 ARMILLA (GRANADA), e com CIF G18956904, inscrita no Registro de Funda\u00e7\u00f5es do Minist\u00e9rio da Educa\u00e7\u00e3o, Cultura e Desporto com o n\u00famero 1344. RELAT\u00d3RIOS: A utiliza\u00e7\u00e3o do nome de dom\u00ednio","og_url":"https:\/\/finut2024.com\/pt-pt\/aviso-legal\/","og_site_name":"Finut 2024","article_modified_time":"2024-01-11T15:41:31+00:00","twitter_card":"summary_large_image","twitter_misc":{"Tempo estimado de leitura":"11 minutos"},"schema":{"@context":"https:\/\/schema.org","@graph":[{"@type":"WebPage","@id":"https:\/\/finut2024.com\/pt-pt\/aviso-legal\/","url":"https:\/\/finut2024.com\/pt-pt\/aviso-legal\/","name":"Aviso legal - Finut 2024","isPartOf":{"@id":"https:\/\/finut2024.com\/pt-pt\/#website"},"datePublished":"2024-01-11T15:28:44+00:00","dateModified":"2024-01-11T15:41:31+00:00","breadcrumb":{"@id":"https:\/\/finut2024.com\/pt-pt\/aviso-legal\/#breadcrumb"},"inLanguage":"pt-PT","potentialAction":[{"@type":"ReadAction","target":["https:\/\/finut2024.com\/pt-pt\/aviso-legal\/"]}]},{"@type":"BreadcrumbList","@id":"https:\/\/finut2024.com\/pt-pt\/aviso-legal\/#breadcrumb","itemListElement":[{"@type":"ListItem","position":1,"name":"Portada","item":"https:\/\/finut2024.com\/pt-pt\/"},{"@type":"ListItem","position":2,"name":"Aviso legal"}]},{"@type":"WebSite","@id":"https:\/\/finut2024.com\/pt-pt\/#website","url":"https:\/\/finut2024.com\/pt-pt\/","name":"Finut 2024","description":"Finut 2024","potentialAction":[{"@type":"SearchAction","target":{"@type":"EntryPoint","urlTemplate":"https:\/\/finut2024.com\/pt-pt\/?s={search_term_string}"},"query-input":{"@type":"PropertyValueSpecification","valueRequired":true,"valueName":"search_term_string"}}],"inLanguage":"pt-PT"}]}},"_hostinger_reach_plugin_has_subscription_block":false,"_hostinger_reach_plugin_is_elementor":false,"zion_builder_status":false,"_links":{"self":[{"href":"https:\/\/finut2024.com\/pt-pt\/wp-json\/wp\/v2\/pages\/3798","targetHints":{"allow":["GET"]}}],"collection":[{"href":"https:\/\/finut2024.com\/pt-pt\/wp-json\/wp\/v2\/pages"}],"about":[{"href":"https:\/\/finut2024.com\/pt-pt\/wp-json\/wp\/v2\/types\/page"}],"author":[{"embeddable":true,"href":"https:\/\/finut2024.com\/pt-pt\/wp-json\/wp\/v2\/users\/1"}],"replies":[{"embeddable":true,"href":"https:\/\/finut2024.com\/pt-pt\/wp-json\/wp\/v2\/comments?post=3798"}],"version-history":[{"count":3,"href":"https:\/\/finut2024.com\/pt-pt\/wp-json\/wp\/v2\/pages\/3798\/revisions"}],"predecessor-version":[{"id":3805,"href":"https:\/\/finut2024.com\/pt-pt\/wp-json\/wp\/v2\/pages\/3798\/revisions\/3805"}],"wp:attachment":[{"href":"https:\/\/finut2024.com\/pt-pt\/wp-json\/wp\/v2\/media?parent=3798"}],"curies":[{"name":"wp","href":"https:\/\/api.w.org\/{rel}","templated":true}]}}