{"id":3779,"date":"2023-08-31T08:30:09","date_gmt":"2023-08-31T08:30:09","guid":{"rendered":"https:\/\/finut2024.com\/taxas-de-registro\/"},"modified":"2024-03-26T10:43:12","modified_gmt":"2024-03-26T10:43:12","slug":"taxas-de-registro","status":"publish","type":"page","link":"https:\/\/finut2024.com\/pt-pt\/taxas-de-registro\/","title":{"rendered":"Taxas de registro"},"content":{"rendered":"\n<h3 class=\"wp-block-heading has-text-align-center\">\n          <strong>TIPOS DE INSCRI\u00c7\u00c3O<\/strong>\n        <\/h3>\n\n<figure class=\"wp-block-table aligncenter is-style-stripes\"><table class=\"has-fixed-layout\"><thead><tr><td>\n          <strong>Tipo de Registro<\/strong>\n        <\/td><td class=\"has-text-align-center\" data-align=\"center\">\n          <strong>At\u00e9 30 de junho <\/strong>\n          <br\/>\n          <strong>de 2024<\/strong>\n        <\/td><td class=\"has-text-align-center\" data-align=\"center\">\n          <strong>At\u00e9 5 de setembro<\/strong>\n          <br\/>\n          <strong>de 2024<\/strong>\n        <\/td><td class=\"has-text-align-center\" data-align=\"center\">\n          <strong>At\u00e9 26 de outubro <\/strong>\n          <br\/>\n          <strong>de 2024<\/strong>\n        <\/td><\/tr><\/thead><tbody><tr><td>\n          <strong>Alunos<\/strong>\n        <\/td><td class=\"has-text-align-center\" data-align=\"center\">100,00 d\u00f3lares<\/td><td class=\"has-text-align-center\" data-align=\"center\">150.00 d\u00f3lares<\/td><td class=\"has-text-align-center\" data-align=\"center\">170.00 d\u00f3lares<\/td><\/tr><tr><td>\n          <strong>Afialiado com<br\/>IUNS, SE\u00d1 o SLAN *<\/strong>\n        <\/td><td class=\"has-text-align-center\" data-align=\"center\">280.00 d\u00f3lares<\/td><td class=\"has-text-align-center\" data-align=\"center\">320.00 d\u00f3lares<\/td><td class=\"has-text-align-center\" data-align=\"center\">400.00 d\u00f3lares<\/td><\/tr><tr><td>\n          <strong>Padr\u00e3o<\/strong>\n        <\/td><td class=\"has-text-align-center\" data-align=\"center\">300.00 d\u00f3lares<\/td><td class=\"has-text-align-center\" data-align=\"center\">350.00 d\u00f3lares<\/td><td class=\"has-text-align-center\" data-align=\"center\">450.00 d\u00f3lares<\/td><\/tr><tr><td>\n          <strong>Delegados da ind\u00fastria<\/strong>\n        <\/td><td class=\"has-text-align-center\" data-align=\"center\">400.00 d\u00f3lares<\/td><td class=\"has-text-align-center\" data-align=\"center\">450.00 d\u00f3lares<\/td><td class=\"has-text-align-center\" data-align=\"center\">550.00 d\u00f3lares<\/td><\/tr><\/tbody><\/table><\/figure>\n\n<p class=\"mt-16\">* <em>Os associados destas entidades dever\u00e3o comprovar que est\u00e3o em dia com o pagamento da sua filia\u00e7\u00e3o nas entidades.<\/em><\/p>\n\n<h3 class=\"wp-block-heading has-text-align-center mt-45\">\n          <strong>A INSCRI\u00c7\u00c3O INCLUI<\/strong>\n        <\/h3>\n\n<ul class=\"wp-block-list\">\n<li class=\"mb-10\">Kit de boas-vindas<\/li>\n\n\n\n<li>Acesso gratuito \u00e0s atividades cient\u00edficas de 24 a 26 de outubro\n<ul class=\"mb-20 wp-block-list\">\n<li>45 simp\u00f3sios cient\u00edficos<\/li>\n\n\n\n<li>10 confer\u00eancias tem\u00e1ticas<\/li>\n\n\n\n<li>Eventos de consci\u00eancia (caf\u00e9s da manh\u00e3 e almo\u00e7os)<\/li>\n<\/ul>\n<\/li>\n\n\n\n<li class=\"mb-10\">\u00c1rea de caf\u00e9 e lanches continuou durante todo o evento<\/li>\n\n\n\n<li class=\"mb-10\">Acesso a cerim\u00f4nias de abertura e encerramento com shows culturais<\/li>\n\n\n\n<li class=\"mb-10\">Acesso \u00e0 \u00e1rea de exposi\u00e7\u00e3o comercial<\/li>\n\n\n\n<li class=\"mb-10\">Coquetel de boas-vindas <\/li>\n\n\n\n<li class=\"mb-10\">A inscri\u00e7\u00e3o \u00e9 necess\u00e1ria para apresentar comunica\u00e7\u00f5es cient\u00edficas<\/li>\n\n\n\n<li>As comunica\u00e7\u00f5es cient\u00edficas ser\u00e3o publicadas em revista cient\u00edfica indexada<\/li>\n<\/ul>\n","protected":false},"excerpt":{"rendered":"<p>TIPOS DE INSCRI\u00c7\u00c3O Tipo de Registro At\u00e9 30 de junho de 2024 At\u00e9 5 de setembro de 2024 At\u00e9 26 de outubro de 2024 Alunos 100,00 d\u00f3lares 150.00 d\u00f3lares 170.00 d\u00f3lares Afialiado comIUNS, SE\u00d1 o SLAN * 280.00 d\u00f3lares 320.00 d\u00f3lares 400.00 d\u00f3lares Padr\u00e3o 300.00 d\u00f3lares 350.00 d\u00f3lares 450.00 d\u00f3lares Delegados da ind\u00fastria 400.00 d\u00f3lares<\/p>\n","protected":false},"author":1,"featured_media":0,"parent":0,"menu_order":0,"comment_status":"closed","ping_status":"closed","template":"","meta":{"footnotes":""},"class_list":["post-3779","page","type-page","status-publish","hentry"],"yoast_head":"<!-- This site is optimized with the Yoast SEO plugin v26.3 - https:\/\/yoast.com\/wordpress\/plugins\/seo\/ -->\n<title>Taxas de registro - Finut 2024<\/title>\n<meta name=\"robots\" content=\"index, follow, max-snippet:-1, max-image-preview:large, max-video-preview:-1\" \/>\n<link rel=\"canonical\" href=\"https:\/\/finut2024.com\/pt-pt\/taxas-de-registro\/\" \/>\n<meta property=\"og:locale\" content=\"pt_PT\" \/>\n<meta property=\"og:type\" content=\"article\" \/>\n<meta property=\"og:title\" content=\"Taxas de registro - Finut 2024\" \/>\n<meta property=\"og:description\" content=\"TIPOS DE INSCRI\u00c7\u00c3O Tipo de Registro At\u00e9 30 de junho de 2024 At\u00e9 5 de setembro de 2024 At\u00e9 26 de outubro de 2024 Alunos 100,00 d\u00f3lares 150.00 d\u00f3lares 170.00 d\u00f3lares Afialiado comIUNS, SE\u00d1 o SLAN * 280.00 d\u00f3lares 320.00 d\u00f3lares 400.00 d\u00f3lares Padr\u00e3o 300.00 d\u00f3lares 350.00 d\u00f3lares 450.00 d\u00f3lares Delegados da ind\u00fastria 400.00 d\u00f3lares\" \/>\n<meta property=\"og:url\" content=\"https:\/\/finut2024.com\/pt-pt\/taxas-de-registro\/\" \/>\n<meta property=\"og:site_name\" content=\"Finut 2024\" \/>\n<meta property=\"article:modified_time\" content=\"2024-03-26T10:43:12+00:00\" \/>\n<meta name=\"twitter:card\" content=\"summary_large_image\" \/>\n<meta name=\"twitter:label1\" content=\"Tempo estimado de leitura\" \/>\n\t<meta name=\"twitter:data1\" content=\"1 minuto\" \/>\n<script type=\"application\/ld+json\" class=\"yoast-schema-graph\">{\"@context\":\"https:\/\/schema.org\",\"@graph\":[{\"@type\":\"WebPage\",\"@id\":\"https:\/\/finut2024.com\/pt-pt\/taxas-de-registro\/\",\"url\":\"https:\/\/finut2024.com\/pt-pt\/taxas-de-registro\/\",\"name\":\"Taxas de registro - Finut 2024\",\"isPartOf\":{\"@id\":\"https:\/\/finut2024.com\/pt-pt\/#website\"},\"datePublished\":\"2023-08-31T08:30:09+00:00\",\"dateModified\":\"2024-03-26T10:43:12+00:00\",\"breadcrumb\":{\"@id\":\"https:\/\/finut2024.com\/pt-pt\/taxas-de-registro\/#breadcrumb\"},\"inLanguage\":\"pt-PT\",\"potentialAction\":[{\"@type\":\"ReadAction\",\"target\":[\"https:\/\/finut2024.com\/pt-pt\/taxas-de-registro\/\"]}]},{\"@type\":\"BreadcrumbList\",\"@id\":\"https:\/\/finut2024.com\/pt-pt\/taxas-de-registro\/#breadcrumb\",\"itemListElement\":[{\"@type\":\"ListItem\",\"position\":1,\"name\":\"Portada\",\"item\":\"https:\/\/finut2024.com\/pt-pt\/\"},{\"@type\":\"ListItem\",\"position\":2,\"name\":\"Taxas de registro\"}]},{\"@type\":\"WebSite\",\"@id\":\"https:\/\/finut2024.com\/pt-pt\/#website\",\"url\":\"https:\/\/finut2024.com\/pt-pt\/\",\"name\":\"Finut 2024\",\"description\":\"Finut 2024\",\"potentialAction\":[{\"@type\":\"SearchAction\",\"target\":{\"@type\":\"EntryPoint\",\"urlTemplate\":\"https:\/\/finut2024.com\/pt-pt\/?s={search_term_string}\"},\"query-input\":{\"@type\":\"PropertyValueSpecification\",\"valueRequired\":true,\"valueName\":\"search_term_string\"}}],\"inLanguage\":\"pt-PT\"}]}<\/script>\n<!-- \/ Yoast SEO plugin. -->","yoast_head_json":{"title":"Taxas de registro - Finut 2024","robots":{"index":"index","follow":"follow","max-snippet":"max-snippet:-1","max-image-preview":"max-image-preview:large","max-video-preview":"max-video-preview:-1"},"canonical":"https:\/\/finut2024.com\/pt-pt\/taxas-de-registro\/","og_locale":"pt_PT","og_type":"article","og_title":"Taxas de registro - Finut 2024","og_description":"TIPOS DE INSCRI\u00c7\u00c3O Tipo de Registro At\u00e9 30 de junho de 2024 At\u00e9 5 de setembro de 2024 At\u00e9 26 de outubro de 2024 Alunos 100,00 d\u00f3lares 150.00 d\u00f3lares 170.00 d\u00f3lares Afialiado comIUNS, SE\u00d1 o SLAN * 280.00 d\u00f3lares 320.00 d\u00f3lares 400.00 d\u00f3lares Padr\u00e3o 300.00 d\u00f3lares 350.00 d\u00f3lares 450.00 d\u00f3lares Delegados da ind\u00fastria 400.00 d\u00f3lares","og_url":"https:\/\/finut2024.com\/pt-pt\/taxas-de-registro\/","og_site_name":"Finut 2024","article_modified_time":"2024-03-26T10:43:12+00:00","twitter_card":"summary_large_image","twitter_misc":{"Tempo estimado de leitura":"1 minuto"},"schema":{"@context":"https:\/\/schema.org","@graph":[{"@type":"WebPage","@id":"https:\/\/finut2024.com\/pt-pt\/taxas-de-registro\/","url":"https:\/\/finut2024.com\/pt-pt\/taxas-de-registro\/","name":"Taxas de registro - Finut 2024","isPartOf":{"@id":"https:\/\/finut2024.com\/pt-pt\/#website"},"datePublished":"2023-08-31T08:30:09+00:00","dateModified":"2024-03-26T10:43:12+00:00","breadcrumb":{"@id":"https:\/\/finut2024.com\/pt-pt\/taxas-de-registro\/#breadcrumb"},"inLanguage":"pt-PT","potentialAction":[{"@type":"ReadAction","target":["https:\/\/finut2024.com\/pt-pt\/taxas-de-registro\/"]}]},{"@type":"BreadcrumbList","@id":"https:\/\/finut2024.com\/pt-pt\/taxas-de-registro\/#breadcrumb","itemListElement":[{"@type":"ListItem","position":1,"name":"Portada","item":"https:\/\/finut2024.com\/pt-pt\/"},{"@type":"ListItem","position":2,"name":"Taxas de registro"}]},{"@type":"WebSite","@id":"https:\/\/finut2024.com\/pt-pt\/#website","url":"https:\/\/finut2024.com\/pt-pt\/","name":"Finut 2024","description":"Finut 2024","potentialAction":[{"@type":"SearchAction","target":{"@type":"EntryPoint","urlTemplate":"https:\/\/finut2024.com\/pt-pt\/?s={search_term_string}"},"query-input":{"@type":"PropertyValueSpecification","valueRequired":true,"valueName":"search_term_string"}}],"inLanguage":"pt-PT"}]}},"_hostinger_reach_plugin_has_subscription_block":false,"_hostinger_reach_plugin_is_elementor":false,"zion_builder_status":false,"_links":{"self":[{"href":"https:\/\/finut2024.com\/pt-pt\/wp-json\/wp\/v2\/pages\/3779","targetHints":{"allow":["GET"]}}],"collection":[{"href":"https:\/\/finut2024.com\/pt-pt\/wp-json\/wp\/v2\/pages"}],"about":[{"href":"https:\/\/finut2024.com\/pt-pt\/wp-json\/wp\/v2\/types\/page"}],"author":[{"embeddable":true,"href":"https:\/\/finut2024.com\/pt-pt\/wp-json\/wp\/v2\/users\/1"}],"replies":[{"embeddable":true,"href":"https:\/\/finut2024.com\/pt-pt\/wp-json\/wp\/v2\/comments?post=3779"}],"version-history":[{"count":2,"href":"https:\/\/finut2024.com\/pt-pt\/wp-json\/wp\/v2\/pages\/3779\/revisions"}],"predecessor-version":[{"id":4342,"href":"https:\/\/finut2024.com\/pt-pt\/wp-json\/wp\/v2\/pages\/3779\/revisions\/4342"}],"wp:attachment":[{"href":"https:\/\/finut2024.com\/pt-pt\/wp-json\/wp\/v2\/media?parent=3779"}],"curies":[{"name":"wp","href":"https:\/\/api.w.org\/{rel}","templated":true}]}}