{"id":3769,"date":"2023-10-19T13:50:29","date_gmt":"2023-10-19T13:50:29","guid":{"rendered":"https:\/\/finut2024.com\/politica-de-privacidade\/"},"modified":"2024-01-11T13:39:46","modified_gmt":"2024-01-11T13:39:46","slug":"politica-de-privacidade","status":"publish","type":"page","link":"https:\/\/finut2024.com\/pt-pt\/politica-de-privacidade\/","title":{"rendered":"Pol\u00edtica de privacidade"},"content":{"rendered":"\n<div class=\"wp-block-group\"><div class=\"wp-block-group__inner-container is-layout-constrained wp-block-group-is-layout-constrained\">\n<figure class=\"wp-block-table is-style-stripes legal-text-table\"><table class=\"has-fixed-layout\"><thead><tr><td>\n          <strong>Ep\u00edgrafe<\/strong>\n        <\/td><td>\n          <strong>Informa\u00e7\u00f5es da 2\u00aa Camada<\/strong>\n        <\/td><td>\n          <strong>Informa\u00e7\u00f5es da 2\u00aa Camada<\/strong>\n        <\/td><td>\n          <strong>Informa\u00e7\u00f5es desenvolvidas<\/strong>\n        <\/td><\/tr><\/thead><tbody><tr><td rowspan=\"2\"><strong>Respons\u00e1vel<\/strong>(do tratamento)<\/td><td rowspan=\"2\">\n          <strong>FUNDA\u00c7\u00c3O IBEROAMERICANA DE NUTRI\u00c7\u00c3O<\/strong>\n        <\/td><td>\n          <strong>Detalhes de contato do Controlador<\/strong>\n        <\/td><td>\n          <p>\n            <strong>FUNDA\u00c7\u00c3O IBEROAMERICANA DE NUTRI\u00c7\u00c3O<\/strong>\n          <\/p>\n          <p>\n            <strong>AVENIDA DEL CONOCIMIENTO 12, EDIFICIO I+D ARMILLA PTS, 18100, ARMILLA (GRANADA)<\/strong>\n          <\/p>\n          <p>\n            <strong>G18956904<\/strong>\n          <\/p>\n          <p><strong>E-MAIL <a href=\"mailto:info@finut.org\">info@finut.org<\/a><\/strong> <\/p>\n          <p>\n            <strong>TLF +34 958 16 73 62<\/strong>\n          <\/p>\n        <\/td><\/tr><tr><td>\n          <strong>Identidade e informa\u00e7\u00f5es de contato do representante<\/strong>\n        <\/td><td><strong>RESPONS\u00c1VEL: MIGUEL FERN\u00c1NDEZ<\/strong> <p><strong>TLF 958 16 73 62<\/strong><\/p><\/td><\/tr><tr><td rowspan=\"3\"><strong>Finalidade<\/strong> (do tratamento)<\/td><td rowspan=\"3\">Gest\u00e3o dos dados recolhidos atrav\u00e9s do site<\/td><td>\n          <strong>Descri\u00e7\u00e3o ampliada das finalidades do processamento<\/strong>\n        <\/td><td>O atendimento \u00e0s solicita\u00e7\u00f5es dos usu\u00e1rios, inclus\u00e3o na agenda de contatos, presta\u00e7\u00e3o de servi\u00e7os e gest\u00e3o da rela\u00e7\u00e3o comercial.<p><\/p>\n<p> <\/p><\/td><\/tr><tr><td>\n          <strong>Per\u00edodos ou crit\u00e9rios de reten\u00e7\u00e3o de dados<\/strong>\n        <\/td><td>Conservaremos os dados durante o tempo necess\u00e1rio para responder ao pedido e cumprir as obriga\u00e7\u00f5es legais exigidas.<\/td><\/tr><tr><td>\n          <strong>Decis\u00f5es automatizadas, perfis e l\u00f3gica aplicada<\/strong>\n        <\/td><td>Os dados recolhidos atrav\u00e9s do site n\u00e3o ser\u00e3o utilizados para a tomada de decis\u00f5es automatizadas.<\/td><\/tr><tr><td rowspan=\"3\"><strong>Legitima\u00e7\u00e3o<\/strong> (do tratamento)<\/td><td rowspan=\"3\"> <p><\/p>\n<p>O consentimento que voc\u00ea nos forneceu ao aceitar os termos de uso<\/p><\/td><td>\n          <strong>Legisla\u00e7\u00e3o aplic\u00e1vel<\/strong>\n        <\/td><td>RGPD 2016\/679 De 27 de Abril de 2016<\/td><\/tr><tr><td>\n          <strong>Detalhes da base legal do tratamento, em casos de obriga\u00e7\u00e3o legal, interesse p\u00fablico ou interesse leg\u00edtimo<\/strong>\n        <\/td><td>Consentimento do interessado, desde que aceite os termos de uso da p\u00e1gina.<\/td><\/tr><tr><td>\n          <strong>Obriga\u00e7\u00e3o ou n\u00e3o de fornecer dados e consequ\u00eancias de n\u00e3o o fazer<\/strong>\n        <\/td><td>N\u00e3o \u00e9 obrigado a fornecer-nos os dados, mas s\u00e3o necess\u00e1rios para poder responder ao seu pedido.<\/td><\/tr><tr><td rowspan=\"2\"><strong>Destinat\u00e1rios<\/strong> (de atribui\u00e7\u00f5es ou transfer\u00eancias)<\/td><td rowspan=\"2\">Nenhum dado ser\u00e1 transferido a terceiros, exceto obriga\u00e7\u00e3o legal<\/td><td>\n          <strong>Destinat\u00e1rios ou categorias de destinat\u00e1rios<\/strong>\n        <\/td><td>N\u00e3o h\u00e1 destinat\u00e1rios.<\/td><\/tr><tr><td>\n          <strong>Decis\u00f5es adequadas, garantias, regras corporativas vinculativas ou situa\u00e7\u00f5es espec\u00edficas aplic\u00e1veis<\/strong>\n        <\/td><td>N\u00e3o existem.<\/td><\/tr><tr><td rowspan=\"3\"><strong>Direitos<\/strong> (das pessoas interessadas)<\/td><td rowspan=\"3\">Aceder, retificar e eliminar dados, bem como<p><\/p>\n<p>como outros direitos, conforme explicado no<\/p>\n<p>informa\u00e7\u00e3o adicional<\/p>\n<p> <\/p><\/td><td>\n          <strong>Como exercer os direitos de acesso, retifica\u00e7\u00e3o, elimina\u00e7\u00e3o e portabilidade dos seus dados, e a limita\u00e7\u00e3o ou oposi\u00e7\u00e3o ao seu tratamento<\/strong>\n        <\/td><td>\n          <p>O interessado poder\u00e1 conhecer, modificar ou excluir os dados que a empresa possui sobre ele por e-mail fornecendo seu documento de identidade ou por correio postal. <strong><a data-saferedirecturl=\"https:\/\/www.google.com\/url?hl=es&amp;q=https:\/\/maps.google.com\/?q%3DAVENIDA%2BDEL%2BCONOCIMIENTO%2B12,%2BEDIFICIO%2BI%26entry%3Dgmail%26source%3Dg&amp;source=gmail&amp;ust=1527246810979000&amp;usg=AFQjCNHevbvo0Ff_zT_lG3gYWMJtpwuOGA\" href=\"https:\/\/maps.google.com\/?q=AVENIDA+DEL+CONOCIMIENTO+12,+EDIFICIO+I&amp;entry=gmail&amp;source=g\">AVENIDA DEL CONOCIMIENTO 12, EDIFICIO I<\/a>+D ARMILLA PTS, 18016, ARMILLA (GRANADA)<\/strong>. <\/p>\n          <p>O interessado poder\u00e1 transferir os seus dados para outra entidade ou limitar os dados existentes que a empresa tenha sobre si atrav\u00e9s de correio eletr\u00f3nico com indica\u00e7\u00e3o do seu documento de identifica\u00e7\u00e3o ou por correio postal. <strong>AVENIDA DEL CONOCIMIENTO 12, EDIFICIO I+D ARMILLA PTS, 18016, ARMILLA (GRANADA)<\/strong>.<\/p>\n        <\/td><\/tr><tr><td>\n          <strong>Direito de retirar o consentimento dado<\/strong>\n        <\/td><td>O interessado poder\u00e1 retirar os dados que a empresa possui sobre ele por e-mail fornecendo seu documento de identidade ou por correio postal para o <strong>AVENIDA DEL CONOCIMIENTO 12, EDIFICIO I+D ARMILLA PTS, 18016, ARMILLA (GRANADA)<\/strong>.<\/td><\/tr><tr><td>\n          <strong>Direito de reclamar \u00e0 Autoridade de Controlo<\/strong>\n        <\/td><td>O interessado poder\u00e1 reclamar \u00e0 Ag\u00eancia Espanhola de Prote\u00e7\u00e3o de Dados sobre qualquer incidente que possa surgir.<\/td><\/tr><tr><td rowspan=\"2\"><strong>Origem<\/strong> (dos dados)<\/td><td rowspan=\"2\">Poder\u00e1 consultar informa\u00e7\u00f5es adicionais e<p><\/p>\n<p>informa\u00e7\u00f5es detalhadas sobre Prote\u00e7\u00e3o de Dados em nosso<\/p>\n<p>p\u00e1gina da web <strong>(DOMINIO000)<\/strong><\/p>\n<p> <\/p><\/td><td>\n          <strong>Informa\u00e7\u00f5es detalhadas sobre a origem dos dados<\/strong>\n        <\/td><td>Fornecido pelo pr\u00f3prio interessado.<\/td><\/tr><tr><td>\n          <strong>Categorias de dados processados<\/strong>\n        <\/td><td>\u2013 Nomes e sobrenomes.<p><\/p>\n<p>\u2013 E-mail.<\/p>\n<p>\u2013 Telefone.<\/p>\n<p>\u2013 Circunst\u00e2ncias sociais.<\/p>\n<p>\u2013 Circunstancias sociales.<\/p><\/td><\/tr><\/tbody><\/table><\/figure>\n<\/div><\/div>\n","protected":false},"excerpt":{"rendered":"<p>Ep\u00edgrafe Informa\u00e7\u00f5es da 2\u00aa Camada Informa\u00e7\u00f5es da 2\u00aa Camada Informa\u00e7\u00f5es desenvolvidas Respons\u00e1vel(do tratamento) FUNDA\u00c7\u00c3O IBEROAMERICANA DE NUTRI\u00c7\u00c3O Detalhes de contato do Controlador FUNDA\u00c7\u00c3O IBEROAMERICANA DE NUTRI\u00c7\u00c3O AVENIDA DEL CONOCIMIENTO 12, EDIFICIO I+D ARMILLA PTS, 18100, ARMILLA (GRANADA) G18956904 E-MAIL info@finut.org TLF +34 958 16 73 62 Identidade e informa\u00e7\u00f5es de contato do representante RESPONS\u00c1VEL: MIGUEL<\/p>\n","protected":false},"author":1,"featured_media":0,"parent":0,"menu_order":0,"comment_status":"closed","ping_status":"closed","template":"","meta":{"footnotes":""},"class_list":["post-3769","page","type-page","status-publish","hentry"],"yoast_head":"<!-- This site is optimized with the Yoast SEO plugin v26.3 - https:\/\/yoast.com\/wordpress\/plugins\/seo\/ -->\n<title>Pol\u00edtica de privacidade - Finut 2024<\/title>\n<meta name=\"robots\" content=\"index, follow, max-snippet:-1, max-image-preview:large, max-video-preview:-1\" \/>\n<link rel=\"canonical\" href=\"https:\/\/finut2024.com\/pt-pt\/politica-de-privacidade\/\" \/>\n<meta property=\"og:locale\" content=\"pt_PT\" \/>\n<meta property=\"og:type\" content=\"article\" \/>\n<meta property=\"og:title\" content=\"Pol\u00edtica de privacidade - Finut 2024\" \/>\n<meta property=\"og:description\" content=\"Ep\u00edgrafe Informa\u00e7\u00f5es da 2\u00aa Camada Informa\u00e7\u00f5es da 2\u00aa Camada Informa\u00e7\u00f5es desenvolvidas Respons\u00e1vel(do tratamento) FUNDA\u00c7\u00c3O IBEROAMERICANA DE NUTRI\u00c7\u00c3O Detalhes de contato do Controlador FUNDA\u00c7\u00c3O IBEROAMERICANA DE NUTRI\u00c7\u00c3O AVENIDA DEL CONOCIMIENTO 12, EDIFICIO I+D ARMILLA PTS, 18100, ARMILLA (GRANADA) G18956904 E-MAIL info@finut.org TLF +34 958 16 73 62 Identidade e informa\u00e7\u00f5es de contato do representante RESPONS\u00c1VEL: MIGUEL\" \/>\n<meta property=\"og:url\" content=\"https:\/\/finut2024.com\/pt-pt\/politica-de-privacidade\/\" \/>\n<meta property=\"og:site_name\" content=\"Finut 2024\" \/>\n<meta property=\"article:modified_time\" content=\"2024-01-11T13:39:46+00:00\" \/>\n<meta name=\"twitter:card\" content=\"summary_large_image\" \/>\n<meta name=\"twitter:label1\" content=\"Tempo estimado de leitura\" \/>\n\t<meta name=\"twitter:data1\" content=\"3 minutos\" \/>\n<script type=\"application\/ld+json\" class=\"yoast-schema-graph\">{\"@context\":\"https:\/\/schema.org\",\"@graph\":[{\"@type\":\"WebPage\",\"@id\":\"https:\/\/finut2024.com\/pt-pt\/politica-de-privacidade\/\",\"url\":\"https:\/\/finut2024.com\/pt-pt\/politica-de-privacidade\/\",\"name\":\"Pol\u00edtica de privacidade - Finut 2024\",\"isPartOf\":{\"@id\":\"https:\/\/finut2024.com\/pt-pt\/#website\"},\"datePublished\":\"2023-10-19T13:50:29+00:00\",\"dateModified\":\"2024-01-11T13:39:46+00:00\",\"breadcrumb\":{\"@id\":\"https:\/\/finut2024.com\/pt-pt\/politica-de-privacidade\/#breadcrumb\"},\"inLanguage\":\"pt-PT\",\"potentialAction\":[{\"@type\":\"ReadAction\",\"target\":[\"https:\/\/finut2024.com\/pt-pt\/politica-de-privacidade\/\"]}]},{\"@type\":\"BreadcrumbList\",\"@id\":\"https:\/\/finut2024.com\/pt-pt\/politica-de-privacidade\/#breadcrumb\",\"itemListElement\":[{\"@type\":\"ListItem\",\"position\":1,\"name\":\"Portada\",\"item\":\"https:\/\/finut2024.com\/pt-pt\/\"},{\"@type\":\"ListItem\",\"position\":2,\"name\":\"Pol\u00edtica de privacidade\"}]},{\"@type\":\"WebSite\",\"@id\":\"https:\/\/finut2024.com\/pt-pt\/#website\",\"url\":\"https:\/\/finut2024.com\/pt-pt\/\",\"name\":\"Finut 2024\",\"description\":\"Finut 2024\",\"potentialAction\":[{\"@type\":\"SearchAction\",\"target\":{\"@type\":\"EntryPoint\",\"urlTemplate\":\"https:\/\/finut2024.com\/pt-pt\/?s={search_term_string}\"},\"query-input\":{\"@type\":\"PropertyValueSpecification\",\"valueRequired\":true,\"valueName\":\"search_term_string\"}}],\"inLanguage\":\"pt-PT\"}]}<\/script>\n<!-- \/ Yoast SEO plugin. -->","yoast_head_json":{"title":"Pol\u00edtica de privacidade - Finut 2024","robots":{"index":"index","follow":"follow","max-snippet":"max-snippet:-1","max-image-preview":"max-image-preview:large","max-video-preview":"max-video-preview:-1"},"canonical":"https:\/\/finut2024.com\/pt-pt\/politica-de-privacidade\/","og_locale":"pt_PT","og_type":"article","og_title":"Pol\u00edtica de privacidade - Finut 2024","og_description":"Ep\u00edgrafe Informa\u00e7\u00f5es da 2\u00aa Camada Informa\u00e7\u00f5es da 2\u00aa Camada Informa\u00e7\u00f5es desenvolvidas Respons\u00e1vel(do tratamento) FUNDA\u00c7\u00c3O IBEROAMERICANA DE NUTRI\u00c7\u00c3O Detalhes de contato do Controlador FUNDA\u00c7\u00c3O IBEROAMERICANA DE NUTRI\u00c7\u00c3O AVENIDA DEL CONOCIMIENTO 12, EDIFICIO I+D ARMILLA PTS, 18100, ARMILLA (GRANADA) G18956904 E-MAIL info@finut.org TLF +34 958 16 73 62 Identidade e informa\u00e7\u00f5es de contato do representante RESPONS\u00c1VEL: MIGUEL","og_url":"https:\/\/finut2024.com\/pt-pt\/politica-de-privacidade\/","og_site_name":"Finut 2024","article_modified_time":"2024-01-11T13:39:46+00:00","twitter_card":"summary_large_image","twitter_misc":{"Tempo estimado de leitura":"3 minutos"},"schema":{"@context":"https:\/\/schema.org","@graph":[{"@type":"WebPage","@id":"https:\/\/finut2024.com\/pt-pt\/politica-de-privacidade\/","url":"https:\/\/finut2024.com\/pt-pt\/politica-de-privacidade\/","name":"Pol\u00edtica de privacidade - Finut 2024","isPartOf":{"@id":"https:\/\/finut2024.com\/pt-pt\/#website"},"datePublished":"2023-10-19T13:50:29+00:00","dateModified":"2024-01-11T13:39:46+00:00","breadcrumb":{"@id":"https:\/\/finut2024.com\/pt-pt\/politica-de-privacidade\/#breadcrumb"},"inLanguage":"pt-PT","potentialAction":[{"@type":"ReadAction","target":["https:\/\/finut2024.com\/pt-pt\/politica-de-privacidade\/"]}]},{"@type":"BreadcrumbList","@id":"https:\/\/finut2024.com\/pt-pt\/politica-de-privacidade\/#breadcrumb","itemListElement":[{"@type":"ListItem","position":1,"name":"Portada","item":"https:\/\/finut2024.com\/pt-pt\/"},{"@type":"ListItem","position":2,"name":"Pol\u00edtica de privacidade"}]},{"@type":"WebSite","@id":"https:\/\/finut2024.com\/pt-pt\/#website","url":"https:\/\/finut2024.com\/pt-pt\/","name":"Finut 2024","description":"Finut 2024","potentialAction":[{"@type":"SearchAction","target":{"@type":"EntryPoint","urlTemplate":"https:\/\/finut2024.com\/pt-pt\/?s={search_term_string}"},"query-input":{"@type":"PropertyValueSpecification","valueRequired":true,"valueName":"search_term_string"}}],"inLanguage":"pt-PT"}]}},"_hostinger_reach_plugin_has_subscription_block":false,"_hostinger_reach_plugin_is_elementor":false,"zion_builder_status":false,"_links":{"self":[{"href":"https:\/\/finut2024.com\/pt-pt\/wp-json\/wp\/v2\/pages\/3769","targetHints":{"allow":["GET"]}}],"collection":[{"href":"https:\/\/finut2024.com\/pt-pt\/wp-json\/wp\/v2\/pages"}],"about":[{"href":"https:\/\/finut2024.com\/pt-pt\/wp-json\/wp\/v2\/types\/page"}],"author":[{"embeddable":true,"href":"https:\/\/finut2024.com\/pt-pt\/wp-json\/wp\/v2\/users\/1"}],"replies":[{"embeddable":true,"href":"https:\/\/finut2024.com\/pt-pt\/wp-json\/wp\/v2\/comments?post=3769"}],"version-history":[{"count":1,"href":"https:\/\/finut2024.com\/pt-pt\/wp-json\/wp\/v2\/pages\/3769\/revisions"}],"predecessor-version":[{"id":3770,"href":"https:\/\/finut2024.com\/pt-pt\/wp-json\/wp\/v2\/pages\/3769\/revisions\/3770"}],"wp:attachment":[{"href":"https:\/\/finut2024.com\/pt-pt\/wp-json\/wp\/v2\/media?parent=3769"}],"curies":[{"name":"wp","href":"https:\/\/api.w.org\/{rel}","templated":true}]}}