{"id":3761,"date":"2023-10-19T14:29:56","date_gmt":"2023-10-19T14:29:56","guid":{"rendered":"https:\/\/finut2024.com\/politica-de-cookies\/"},"modified":"2024-01-11T12:36:43","modified_gmt":"2024-01-11T12:36:43","slug":"politica-de-cookies","status":"publish","type":"page","link":"https:\/\/finut2024.com\/pt-pt\/politica-de-cookies\/","title":{"rendered":"Pol\u00edtica de cookies"},"content":{"rendered":"\n<p>Para o \u00f3timo funcionamento deste site, utilizamos cookies. Cookies s\u00e3o procedimentos autom\u00e1ticos de coleta de dados sobre a navega\u00e7\u00e3o na web com o objetivo de reconhecer o usu\u00e1rio como um visitante recorrente e personalizar sua experi\u00eancia, ou seja, idioma, pa\u00eds, login, caracter\u00edsticas do seu navegador, ou ainda informa\u00e7\u00f5es sobre a data e hora da navega\u00e7\u00e3o. \u00faltima visita, par\u00e2metros de tr\u00e1fego no site, n\u00famero de visitas.<\/p>\n\n<p>Praticamente todos os sites utilizam cookies, pois muitos deles s\u00e3o essenciais para o correto funcionamento de diversos servi\u00e7os e utilidades, como compras ou registo ou liga\u00e7\u00e3o a redes sociais.<\/p>\n\n<p>Caso seja utilizada uma configura\u00e7\u00e3o de seguran\u00e7a m\u00e9dia ou baixa que permita a instala\u00e7\u00e3o autom\u00e1tica de cookies durante a navega\u00e7\u00e3o no nosso site, consideraremos que consente tacitamente a sua instala\u00e7\u00e3o.<\/p>\n\n<p>A FUNDA\u00c7\u00c3O IBEROAMERICANA DE NUTRI\u00c7\u00c3O, atrav\u00e9s do site, utiliza os seguintes cookies:<\/p>\n\n<figure class=\"wp-block-table mb-20\"><table><thead><tr><th>Nome<\/th><th>Pr\u00f3prio\/Terceiro<\/th><th>Descri\u00e7\u00e3o<\/th><th>Dura\u00e7\u00e3o<\/th><\/tr><\/thead><tbody><tr><td>cookies_surestao<\/td><td>Ter<\/td><td>Aceita\u00e7\u00e3o de cookies<\/td><td>3 meses<\/td><\/tr><tr><td>tiendaaviso<\/td><td>Terceiros<\/td><td>Aceita\u00e7\u00e3o de cookies<\/td><td>1 ano<\/td><\/tr><\/tbody><\/table><\/figure>\n\n<p>Como queremos que voc\u00ea tenha uma navega\u00e7\u00e3o ideal no site, os cookies s\u00e3o ativados automaticamente quando voc\u00ea entra nele. Mas se quiser desativ\u00e1-los (ou reativ\u00e1-los), voc\u00ea ter\u00e1 que fazer isso sozinho atrav\u00e9s do seu navegador. Por outro lado, se o seu navegador j\u00e1 estiver configurado para n\u00e3o aceitar cookies por padr\u00e3o, o nosso site poder\u00e1 n\u00e3o funcionar corretamente. Abaixo fornecemos informa\u00e7\u00f5es sobre os principais navegadores:<strong>Como desativar os cookies?<\/strong><\/p>\n\n<p>Exemplos:<\/p>\n\n<ul class=\"wp-block-list\">\n<li>Se voc\u00ea usa o Microsoft Internet Explorer, na op\u00e7\u00e3o de menu Ferramentas &gt; Op\u00e7\u00f5es da Internet &gt; Privacidade &gt; Configura\u00e7\u00f5es.<\/li>\n\n\n\n<li>Se voc\u00ea usa Firefox, na op\u00e7\u00e3o de menu Ferramentas &gt; Op\u00e7\u00f5es &gt; Privacidade &gt; Cookies.<\/li>\n\n\n\n<li>Se voc\u00ea usa Google Chrome, na op\u00e7\u00e3o de menu Configura\u00e7\u00f5es &gt; Privacidade<\/li>\n\n\n\n<li>Se voc\u00ea usa Safari, na op\u00e7\u00e3o de menu Prefer\u00eancias &gt; Seguran\u00e7a<\/li>\n<\/ul>\n\n<p>Se o seu navegador n\u00e3o estiver listado acima, na se\u00e7\u00e3o \u201cAjuda\u201d do seu navegador voc\u00ea encontrar\u00e1 as instru\u00e7\u00f5es necess\u00e1rias para modificar as configura\u00e7\u00f5es.<\/p>\n\n<p>Voc\u00ea deve ter em mente que bloquear cookies ou limitar sua instala\u00e7\u00e3o pode fazer com que algumas funcionalidades do site n\u00e3o funcionem ou seu acesso seja mais complicado ou lento.<\/p>\n\n<p>Uma alternativa ao bloqueio de cookies seria ativar o modo privado do seu navegador. Este modo permite navegar pelas p\u00e1ginas, mas elas n\u00e3o ser\u00e3o registradas no hist\u00f3rico do navegador, no armazenamento de cookies ou no hist\u00f3rico de pesquisa depois que o usu\u00e1rio fechar todas as guias an\u00f4nimas. Abaixo disponibilizamos o link de como ativar o modo de navega\u00e7\u00e3o an\u00f4nima nos principais navegadores:<\/p>\n\n<p>\u2013 Internet Explorer: InPrivate<\/p>\n\n<p>\n          <a href=\"http:\/\/windows.microsoft.com\/es-es\/internet-explorer\/products\/ie-9\/features\/in-private\">http:\/\/windows.microsoft.com\/es-es\/internet-explorer\/products\/ie-9\/features\/in-private<\/a>\n        <\/p>\n\n<p>\u2013 FireFox: Navega\u00e7\u00e3o Privada<\/p>\n\n<p>\n          <a href=\"https:\/\/support.mozilla.org\/es\/kb\/navegacion-privada-navega-en-la-web-sin-guardar-in\">https:\/\/support.mozilla.org\/es\/kb\/navegacion-privada-navega-en-la-web-sin-guardar-in<\/a>\n        <\/p>\n\n<p>\u2013 Google Chrome: an\u00f4nimo<\/p>\n\n<p>\n          <a href=\"https:\/\/support.google.com\/chrome\/answer\/95464?hl=es\">https:\/\/support.google.com\/chrome\/answer\/95464?hl=es<\/a>\n        <\/p>\n\n<p>\u2013 Safari: Navega\u00e7\u00e3o Privada<\/p>\n\n<p>\n          <a href=\"http:\/\/support.apple.com\/kb\/PH17168?viewlocale=es_ES\">http:\/\/support.apple.com\/kb\/PH17168?viewlocale=es_ES<\/a>\n        <\/p>\n\n<p>\u2013 \u00d3pera: Navega\u00e7\u00e3o Privada<\/p>\n\n<p>\n          <a href=\"http:\/\/help.opera.com\/Windows\/12.00\/es-ES\/private.html\">http:\/\/help.opera.com\/Windows\/12.00\/es-ES\/private.html<\/a>\n        <\/p>\n\n<p>Para mais informa\u00e7\u00f5es, a FUNDA\u00c7\u00c3O IBEROAMERICANA DE NUTRITION recomenda a leitura da se\u00e7\u00e3o de ajuda do navegador.<\/p>\n\n<p>Muito obrigado e boa navega\u00e7\u00e3o!<\/p>\n","protected":false},"excerpt":{"rendered":"<p>Para o \u00f3timo funcionamento deste site, utilizamos cookies. Cookies s\u00e3o procedimentos autom\u00e1ticos de coleta de dados sobre a navega\u00e7\u00e3o na web com o objetivo de reconhecer o usu\u00e1rio como um visitante recorrente e personalizar sua experi\u00eancia, ou seja, idioma, pa\u00eds, login, caracter\u00edsticas do seu navegador, ou ainda informa\u00e7\u00f5es sobre a data e hora da navega\u00e7\u00e3o.<\/p>\n","protected":false},"author":1,"featured_media":0,"parent":0,"menu_order":0,"comment_status":"closed","ping_status":"closed","template":"","meta":{"footnotes":""},"class_list":["post-3761","page","type-page","status-publish","hentry"],"yoast_head":"<!-- This site is optimized with the Yoast SEO plugin v27.4 - https:\/\/yoast.com\/product\/yoast-seo-wordpress\/ -->\n<title>Pol\u00edtica de cookies - Finut 2024<\/title>\n<meta name=\"robots\" content=\"index, follow, max-snippet:-1, max-image-preview:large, max-video-preview:-1\" \/>\n<link rel=\"canonical\" href=\"https:\/\/finut2024.com\/pt-pt\/politica-de-cookies\/\" \/>\n<meta property=\"og:locale\" content=\"pt_PT\" \/>\n<meta property=\"og:type\" content=\"article\" \/>\n<meta property=\"og:title\" content=\"Pol\u00edtica de cookies - Finut 2024\" \/>\n<meta property=\"og:description\" content=\"Para o \u00f3timo funcionamento deste site, utilizamos cookies. Cookies s\u00e3o procedimentos autom\u00e1ticos de coleta de dados sobre a navega\u00e7\u00e3o na web com o objetivo de reconhecer o usu\u00e1rio como um visitante recorrente e personalizar sua experi\u00eancia, ou seja, idioma, pa\u00eds, login, caracter\u00edsticas do seu navegador, ou ainda informa\u00e7\u00f5es sobre a data e hora da navega\u00e7\u00e3o.\" \/>\n<meta property=\"og:url\" content=\"https:\/\/finut2024.com\/pt-pt\/politica-de-cookies\/\" \/>\n<meta property=\"og:site_name\" content=\"Finut 2024\" \/>\n<meta property=\"article:modified_time\" content=\"2024-01-11T12:36:43+00:00\" \/>\n<meta name=\"twitter:card\" content=\"summary_large_image\" \/>\n<meta name=\"twitter:label1\" content=\"Tempo estimado de leitura\" \/>\n\t<meta name=\"twitter:data1\" content=\"3 minutos\" \/>\n<script type=\"application\/ld+json\" class=\"yoast-schema-graph\">{\"@context\":\"https:\\\/\\\/schema.org\",\"@graph\":[{\"@type\":\"WebPage\",\"@id\":\"https:\\\/\\\/finut2024.com\\\/pt-pt\\\/politica-de-cookies\\\/\",\"url\":\"https:\\\/\\\/finut2024.com\\\/pt-pt\\\/politica-de-cookies\\\/\",\"name\":\"Pol\u00edtica de cookies - Finut 2024\",\"isPartOf\":{\"@id\":\"https:\\\/\\\/finut2024.com\\\/pt-pt\\\/#website\"},\"datePublished\":\"2023-10-19T14:29:56+00:00\",\"dateModified\":\"2024-01-11T12:36:43+00:00\",\"breadcrumb\":{\"@id\":\"https:\\\/\\\/finut2024.com\\\/pt-pt\\\/politica-de-cookies\\\/#breadcrumb\"},\"inLanguage\":\"pt-PT\",\"potentialAction\":[{\"@type\":\"ReadAction\",\"target\":[\"https:\\\/\\\/finut2024.com\\\/pt-pt\\\/politica-de-cookies\\\/\"]}]},{\"@type\":\"BreadcrumbList\",\"@id\":\"https:\\\/\\\/finut2024.com\\\/pt-pt\\\/politica-de-cookies\\\/#breadcrumb\",\"itemListElement\":[{\"@type\":\"ListItem\",\"position\":1,\"name\":\"Portada\",\"item\":\"https:\\\/\\\/finut2024.com\\\/pt-pt\\\/\"},{\"@type\":\"ListItem\",\"position\":2,\"name\":\"Pol\u00edtica de cookies\"}]},{\"@type\":\"WebSite\",\"@id\":\"https:\\\/\\\/finut2024.com\\\/pt-pt\\\/#website\",\"url\":\"https:\\\/\\\/finut2024.com\\\/pt-pt\\\/\",\"name\":\"Finut 2024\",\"description\":\"Finut 2024\",\"potentialAction\":[{\"@type\":\"SearchAction\",\"target\":{\"@type\":\"EntryPoint\",\"urlTemplate\":\"https:\\\/\\\/finut2024.com\\\/pt-pt\\\/?s={search_term_string}\"},\"query-input\":{\"@type\":\"PropertyValueSpecification\",\"valueRequired\":true,\"valueName\":\"search_term_string\"}}],\"inLanguage\":\"pt-PT\"}]}<\/script>\n<!-- \/ Yoast SEO plugin. -->","yoast_head_json":{"title":"Pol\u00edtica de cookies - Finut 2024","robots":{"index":"index","follow":"follow","max-snippet":"max-snippet:-1","max-image-preview":"max-image-preview:large","max-video-preview":"max-video-preview:-1"},"canonical":"https:\/\/finut2024.com\/pt-pt\/politica-de-cookies\/","og_locale":"pt_PT","og_type":"article","og_title":"Pol\u00edtica de cookies - Finut 2024","og_description":"Para o \u00f3timo funcionamento deste site, utilizamos cookies. Cookies s\u00e3o procedimentos autom\u00e1ticos de coleta de dados sobre a navega\u00e7\u00e3o na web com o objetivo de reconhecer o usu\u00e1rio como um visitante recorrente e personalizar sua experi\u00eancia, ou seja, idioma, pa\u00eds, login, caracter\u00edsticas do seu navegador, ou ainda informa\u00e7\u00f5es sobre a data e hora da navega\u00e7\u00e3o.","og_url":"https:\/\/finut2024.com\/pt-pt\/politica-de-cookies\/","og_site_name":"Finut 2024","article_modified_time":"2024-01-11T12:36:43+00:00","twitter_card":"summary_large_image","twitter_misc":{"Tempo estimado de leitura":"3 minutos"},"schema":{"@context":"https:\/\/schema.org","@graph":[{"@type":"WebPage","@id":"https:\/\/finut2024.com\/pt-pt\/politica-de-cookies\/","url":"https:\/\/finut2024.com\/pt-pt\/politica-de-cookies\/","name":"Pol\u00edtica de cookies - Finut 2024","isPartOf":{"@id":"https:\/\/finut2024.com\/pt-pt\/#website"},"datePublished":"2023-10-19T14:29:56+00:00","dateModified":"2024-01-11T12:36:43+00:00","breadcrumb":{"@id":"https:\/\/finut2024.com\/pt-pt\/politica-de-cookies\/#breadcrumb"},"inLanguage":"pt-PT","potentialAction":[{"@type":"ReadAction","target":["https:\/\/finut2024.com\/pt-pt\/politica-de-cookies\/"]}]},{"@type":"BreadcrumbList","@id":"https:\/\/finut2024.com\/pt-pt\/politica-de-cookies\/#breadcrumb","itemListElement":[{"@type":"ListItem","position":1,"name":"Portada","item":"https:\/\/finut2024.com\/pt-pt\/"},{"@type":"ListItem","position":2,"name":"Pol\u00edtica de cookies"}]},{"@type":"WebSite","@id":"https:\/\/finut2024.com\/pt-pt\/#website","url":"https:\/\/finut2024.com\/pt-pt\/","name":"Finut 2024","description":"Finut 2024","potentialAction":[{"@type":"SearchAction","target":{"@type":"EntryPoint","urlTemplate":"https:\/\/finut2024.com\/pt-pt\/?s={search_term_string}"},"query-input":{"@type":"PropertyValueSpecification","valueRequired":true,"valueName":"search_term_string"}}],"inLanguage":"pt-PT"}]}},"_hostinger_reach_plugin_has_subscription_block":false,"_hostinger_reach_plugin_is_elementor":false,"zion_builder_status":false,"_links":{"self":[{"href":"https:\/\/finut2024.com\/pt-pt\/wp-json\/wp\/v2\/pages\/3761","targetHints":{"allow":["GET"]}}],"collection":[{"href":"https:\/\/finut2024.com\/pt-pt\/wp-json\/wp\/v2\/pages"}],"about":[{"href":"https:\/\/finut2024.com\/pt-pt\/wp-json\/wp\/v2\/types\/page"}],"author":[{"embeddable":true,"href":"https:\/\/finut2024.com\/pt-pt\/wp-json\/wp\/v2\/users\/1"}],"replies":[{"embeddable":true,"href":"https:\/\/finut2024.com\/pt-pt\/wp-json\/wp\/v2\/comments?post=3761"}],"version-history":[{"count":1,"href":"https:\/\/finut2024.com\/pt-pt\/wp-json\/wp\/v2\/pages\/3761\/revisions"}],"predecessor-version":[{"id":3762,"href":"https:\/\/finut2024.com\/pt-pt\/wp-json\/wp\/v2\/pages\/3761\/revisions\/3762"}],"wp:attachment":[{"href":"https:\/\/finut2024.com\/pt-pt\/wp-json\/wp\/v2\/media?parent=3761"}],"curies":[{"name":"wp","href":"https:\/\/api.w.org\/{rel}","templated":true}]}}