{"id":3757,"date":"2023-08-31T08:30:35","date_gmt":"2023-08-31T08:30:35","guid":{"rendered":"https:\/\/finut2024.com\/formulario-de-colaboracao\/"},"modified":"2024-01-11T10:08:18","modified_gmt":"2024-01-11T10:08:18","slug":"formulario-de-colaboracao","status":"publish","type":"page","link":"https:\/\/finut2024.com\/pt-pt\/formulario-de-colaboracao\/","title":{"rendered":"Formul\u00e1rio de Colabora\u00e7\u00e3o"},"content":{"rendered":"\n          \n\n          <div class=\"wp-block-contact-form-7-contact-form-selector\">\n            \n<div class=\"wpcf7 no-js\" id=\"wpcf7-f2505-o1\" lang=\"es-ES\" dir=\"ltr\" data-wpcf7-id=\"2505\">\n<div class=\"screen-reader-response\"><p role=\"status\" aria-live=\"polite\" aria-atomic=\"true\"><\/p> <ul><\/ul><\/div>\n<form action=\"\/pt-pt\/wp-json\/wp\/v2\/pages\/3757#wpcf7-f2505-o1\" method=\"post\" class=\"wpcf7-form init\" aria-label=\"Formulario de contacto\" novalidate=\"novalidate\" data-status=\"init\">\n<fieldset class=\"hidden-fields-container\"><input type=\"hidden\" name=\"_wpcf7\" value=\"2505\" \/><input type=\"hidden\" name=\"_wpcf7_version\" value=\"6.1.3\" \/><input type=\"hidden\" name=\"_wpcf7_locale\" value=\"es_ES\" \/><input type=\"hidden\" name=\"_wpcf7_unit_tag\" value=\"wpcf7-f2505-o1\" \/><input type=\"hidden\" name=\"_wpcf7_container_post\" value=\"0\" \/><input type=\"hidden\" name=\"_wpcf7_posted_data_hash\" value=\"\" \/>\n<\/fieldset>\n<div class=\"row\">\n\t<div class=\"col-xs-6\">\n\t\t<p><label>Nombre<br \/>\n<span class=\"wpcf7-form-control-wrap\" data-name=\"your-name\"><input size=\"40\" maxlength=\"400\" class=\"wpcf7-form-control wpcf7-text wpcf7-validates-as-required form-control\" autocomplete=\"name\" aria-required=\"true\" aria-invalid=\"false\" value=\"\" type=\"text\" name=\"your-name\" \/><\/span><\/label>\n\t\t<\/p>\n\t<\/div>\n\t<div class=\"col-xs-6\">\n\t\t<p><label>Apellidos<br \/>\n<span class=\"wpcf7-form-control-wrap\" data-name=\"your-lastname\"><input size=\"40\" maxlength=\"400\" class=\"wpcf7-form-control wpcf7-text wpcf7-validates-as-required form-control\" autocomplete=\"name\" aria-required=\"true\" aria-invalid=\"false\" value=\"\" type=\"text\" name=\"your-lastname\" \/><\/span><\/label>\n\t\t<\/p>\n\t<\/div>\n\t<div class=\"col-xs-6\">\n\t\t<p><label>Nombre de entidad<br \/>\n<span class=\"wpcf7-form-control-wrap\" data-name=\"your-entity-name\"><input size=\"40\" maxlength=\"400\" class=\"wpcf7-form-control wpcf7-text wpcf7-validates-as-required form-control\" autocomplete=\"name\" aria-required=\"true\" aria-invalid=\"false\" value=\"\" type=\"text\" name=\"your-entity-name\" \/><\/span><\/label>\n\t\t<\/p>\n\t<\/div>\n\t<div class=\"col-xs-6\">\n\t\t<p><label> Email<br \/>\n<span class=\"wpcf7-form-control-wrap\" data-name=\"your-email\"><input size=\"40\" maxlength=\"400\" class=\"wpcf7-form-control wpcf7-email wpcf7-validates-as-required wpcf7-text wpcf7-validates-as-email form-control\" autocomplete=\"email\" aria-required=\"true\" aria-invalid=\"false\" value=\"\" type=\"email\" name=\"your-email\" \/><\/span> <\/label>\n\t\t<\/p>\n\t<\/div>\n\t<div class=\"col-xs-6\">\n\t\t<p><label>Prefijo telef\u00f3nico<br \/>\n<span class=\"wpcf7-form-control-wrap\" data-name=\"your-phone-prefix\"><input size=\"40\" class=\"wpcf7-form-control wpcf7-phonetext wpcf7-validates-as-required wpcf7-text wpcf7-validates-as-phonetext\" aria-required=\"true\" aria-invalid=\"false\" value=\"\" type=\"text\" name=\"your-phone-prefix\" \/><input type=\"hidden\" name=\"your-phone-prefix-country-code\" class=\"wpcf7-phonetext-country-code\" \/><\/span><\/label>\n\t\t<\/p>\n\t<\/div>\n\t<div class=\"col-xs-6\">\n\t\t<p><label>Tel\u00e9fono<br \/>\n<span class=\"wpcf7-form-control-wrap\" data-name=\"tel-384\"><input size=\"40\" maxlength=\"400\" class=\"wpcf7-form-control wpcf7-tel wpcf7-validates-as-required wpcf7-text wpcf7-validates-as-tel form-control\" aria-required=\"true\" aria-invalid=\"false\" value=\"\" type=\"tel\" name=\"tel-384\" \/><\/span><\/label>\n\t\t<\/p>\n\t<\/div>\n\t<div class=\"col-xs-6\">\n\t\t<p><label>Asunto<br \/>\n<span class=\"wpcf7-form-control-wrap\" data-name=\"your-subject\"><input size=\"40\" maxlength=\"400\" class=\"wpcf7-form-control wpcf7-text wpcf7-validates-as-required form-control\" aria-required=\"true\" aria-invalid=\"false\" value=\"\" type=\"text\" name=\"your-subject\" \/><\/span><\/label>\n\t\t<\/p>\n\t<\/div>\n\t<div class=\"col-xs-6\">\n\t\t<p><label>Pa\u00eds<br \/>\n<span class=\"wpcf7-form-control-wrap\" data-name=\"your-country\"><input size=\"40\" class=\"wpcf7-form-control wpcf7-countrytext wpcf7-validates-as-required wpcf7-text wpcf7-validates-as-countrytext form-control\" aria-required=\"true\" aria-invalid=\"false\" value=\"\" type=\"text\" name=\"your-country\" \/><\/span><\/label>\n\t\t<\/p>\n\t<\/div>\n<\/div>\n<p><label>Mensaje<br \/>\n<span class=\"wpcf7-form-control-wrap\" data-name=\"your-message\"><textarea cols=\"40\" rows=\"10\" maxlength=\"2000\" class=\"wpcf7-form-control wpcf7-textarea wpcf7-validates-as-required form-control\" aria-required=\"true\" aria-invalid=\"false\" name=\"your-message\"><\/textarea><\/span><\/label>\n<\/p>\n<p><span class=\"wpcf7-form-control-wrap\" data-name=\"your-consent\"><span class=\"wpcf7-form-control wpcf7-acceptance\"><span class=\"wpcf7-list-item\"><label><input type=\"checkbox\" name=\"your-consent\" value=\"1\" aria-invalid=\"false\" \/><span class=\"wpcf7-list-item-label\">He le\u00eddo y acepto la <a href=\"\/politica-de-privacidad\">pol\u00edtica de privacidad<\/a>.<\/span><\/label><\/span><\/span><\/span>\n<\/p>\n<p><input class=\"wpcf7-form-control wpcf7-submit has-spinner\" type=\"submit\" value=\"Enviar mensaje\" \/>\n<\/p><div class=\"wpcf7-response-output\" aria-hidden=\"true\"><\/div>\n<\/form>\n<\/div>\n\n          <\/div>\n          \n\n        \n","protected":false},"excerpt":{"rendered":"","protected":false},"author":1,"featured_media":0,"parent":0,"menu_order":0,"comment_status":"closed","ping_status":"closed","template":"","meta":{"footnotes":""},"class_list":["post-3757","page","type-page","status-publish","hentry"],"yoast_head":"<!-- This site is optimized with the Yoast SEO plugin v26.3 - https:\/\/yoast.com\/wordpress\/plugins\/seo\/ -->\n<title>Formul\u00e1rio de Colabora\u00e7\u00e3o - Finut 2024<\/title>\n<meta name=\"robots\" content=\"index, follow, max-snippet:-1, max-image-preview:large, max-video-preview:-1\" \/>\n<link rel=\"canonical\" href=\"https:\/\/finut2024.com\/pt-pt\/formulario-de-colaboracao\/\" \/>\n<meta property=\"og:locale\" content=\"pt_PT\" \/>\n<meta property=\"og:type\" content=\"article\" \/>\n<meta property=\"og:title\" content=\"Formul\u00e1rio de Colabora\u00e7\u00e3o - Finut 2024\" \/>\n<meta property=\"og:url\" content=\"https:\/\/finut2024.com\/pt-pt\/formulario-de-colaboracao\/\" \/>\n<meta property=\"og:site_name\" content=\"Finut 2024\" \/>\n<meta property=\"article:modified_time\" content=\"2024-01-11T10:08:18+00:00\" \/>\n<meta name=\"twitter:card\" content=\"summary_large_image\" \/>\n<script type=\"application\/ld+json\" class=\"yoast-schema-graph\">{\"@context\":\"https:\/\/schema.org\",\"@graph\":[{\"@type\":\"WebPage\",\"@id\":\"https:\/\/finut2024.com\/pt-pt\/formulario-de-colaboracao\/\",\"url\":\"https:\/\/finut2024.com\/pt-pt\/formulario-de-colaboracao\/\",\"name\":\"Formul\u00e1rio de Colabora\u00e7\u00e3o - Finut 2024\",\"isPartOf\":{\"@id\":\"https:\/\/finut2024.com\/pt-pt\/#website\"},\"datePublished\":\"2023-08-31T08:30:35+00:00\",\"dateModified\":\"2024-01-11T10:08:18+00:00\",\"breadcrumb\":{\"@id\":\"https:\/\/finut2024.com\/pt-pt\/formulario-de-colaboracao\/#breadcrumb\"},\"inLanguage\":\"pt-PT\",\"potentialAction\":[{\"@type\":\"ReadAction\",\"target\":[\"https:\/\/finut2024.com\/pt-pt\/formulario-de-colaboracao\/\"]}]},{\"@type\":\"BreadcrumbList\",\"@id\":\"https:\/\/finut2024.com\/pt-pt\/formulario-de-colaboracao\/#breadcrumb\",\"itemListElement\":[{\"@type\":\"ListItem\",\"position\":1,\"name\":\"Portada\",\"item\":\"https:\/\/finut2024.com\/pt-pt\/\"},{\"@type\":\"ListItem\",\"position\":2,\"name\":\"Formul\u00e1rio de Colabora\u00e7\u00e3o\"}]},{\"@type\":\"WebSite\",\"@id\":\"https:\/\/finut2024.com\/pt-pt\/#website\",\"url\":\"https:\/\/finut2024.com\/pt-pt\/\",\"name\":\"Finut 2024\",\"description\":\"Finut 2024\",\"potentialAction\":[{\"@type\":\"SearchAction\",\"target\":{\"@type\":\"EntryPoint\",\"urlTemplate\":\"https:\/\/finut2024.com\/pt-pt\/?s={search_term_string}\"},\"query-input\":{\"@type\":\"PropertyValueSpecification\",\"valueRequired\":true,\"valueName\":\"search_term_string\"}}],\"inLanguage\":\"pt-PT\"}]}<\/script>\n<!-- \/ Yoast SEO plugin. -->","yoast_head_json":{"title":"Formul\u00e1rio de Colabora\u00e7\u00e3o - Finut 2024","robots":{"index":"index","follow":"follow","max-snippet":"max-snippet:-1","max-image-preview":"max-image-preview:large","max-video-preview":"max-video-preview:-1"},"canonical":"https:\/\/finut2024.com\/pt-pt\/formulario-de-colaboracao\/","og_locale":"pt_PT","og_type":"article","og_title":"Formul\u00e1rio de Colabora\u00e7\u00e3o - Finut 2024","og_url":"https:\/\/finut2024.com\/pt-pt\/formulario-de-colaboracao\/","og_site_name":"Finut 2024","article_modified_time":"2024-01-11T10:08:18+00:00","twitter_card":"summary_large_image","schema":{"@context":"https:\/\/schema.org","@graph":[{"@type":"WebPage","@id":"https:\/\/finut2024.com\/pt-pt\/formulario-de-colaboracao\/","url":"https:\/\/finut2024.com\/pt-pt\/formulario-de-colaboracao\/","name":"Formul\u00e1rio de Colabora\u00e7\u00e3o - Finut 2024","isPartOf":{"@id":"https:\/\/finut2024.com\/pt-pt\/#website"},"datePublished":"2023-08-31T08:30:35+00:00","dateModified":"2024-01-11T10:08:18+00:00","breadcrumb":{"@id":"https:\/\/finut2024.com\/pt-pt\/formulario-de-colaboracao\/#breadcrumb"},"inLanguage":"pt-PT","potentialAction":[{"@type":"ReadAction","target":["https:\/\/finut2024.com\/pt-pt\/formulario-de-colaboracao\/"]}]},{"@type":"BreadcrumbList","@id":"https:\/\/finut2024.com\/pt-pt\/formulario-de-colaboracao\/#breadcrumb","itemListElement":[{"@type":"ListItem","position":1,"name":"Portada","item":"https:\/\/finut2024.com\/pt-pt\/"},{"@type":"ListItem","position":2,"name":"Formul\u00e1rio de Colabora\u00e7\u00e3o"}]},{"@type":"WebSite","@id":"https:\/\/finut2024.com\/pt-pt\/#website","url":"https:\/\/finut2024.com\/pt-pt\/","name":"Finut 2024","description":"Finut 2024","potentialAction":[{"@type":"SearchAction","target":{"@type":"EntryPoint","urlTemplate":"https:\/\/finut2024.com\/pt-pt\/?s={search_term_string}"},"query-input":{"@type":"PropertyValueSpecification","valueRequired":true,"valueName":"search_term_string"}}],"inLanguage":"pt-PT"}]}},"_hostinger_reach_plugin_has_subscription_block":false,"_hostinger_reach_plugin_is_elementor":false,"zion_builder_status":false,"_links":{"self":[{"href":"https:\/\/finut2024.com\/pt-pt\/wp-json\/wp\/v2\/pages\/3757","targetHints":{"allow":["GET"]}}],"collection":[{"href":"https:\/\/finut2024.com\/pt-pt\/wp-json\/wp\/v2\/pages"}],"about":[{"href":"https:\/\/finut2024.com\/pt-pt\/wp-json\/wp\/v2\/types\/page"}],"author":[{"embeddable":true,"href":"https:\/\/finut2024.com\/pt-pt\/wp-json\/wp\/v2\/users\/1"}],"replies":[{"embeddable":true,"href":"https:\/\/finut2024.com\/pt-pt\/wp-json\/wp\/v2\/comments?post=3757"}],"version-history":[{"count":1,"href":"https:\/\/finut2024.com\/pt-pt\/wp-json\/wp\/v2\/pages\/3757\/revisions"}],"predecessor-version":[{"id":3758,"href":"https:\/\/finut2024.com\/pt-pt\/wp-json\/wp\/v2\/pages\/3757\/revisions\/3758"}],"wp:attachment":[{"href":"https:\/\/finut2024.com\/pt-pt\/wp-json\/wp\/v2\/media?parent=3757"}],"curies":[{"name":"wp","href":"https:\/\/api.w.org\/{rel}","templated":true}]}}