{"id":3753,"date":"2023-08-31T08:04:35","date_gmt":"2023-08-31T08:04:35","guid":{"rendered":"https:\/\/finut2024.com\/alojamento\/"},"modified":"2024-03-26T09:59:39","modified_gmt":"2024-03-26T09:59:39","slug":"alojamento","status":"publish","type":"page","link":"https:\/\/finut2024.com\/pt-pt\/alojamento\/","title":{"rendered":"Alojamento"},"content":{"rendered":"\n<p>Por ocasi\u00e3o da III Confer\u00eancia FINUT 2024, colocamos \u00e0 sua disposi\u00e7\u00e3o a seguinte lista de hot\u00e9is onde poder\u00e1 beneficiar de uma tarifa reduzida.<\/p>\n\n<p>Informamos que voc\u00ea poder\u00e1 se beneficiar de melhores tarifas de hospedagem se, ao entrar em contato com algum dos seguintes hot\u00e9is para fazer sua reserva, indicar que est\u00e1 participando da III Confer\u00eancia FINUT, realizada em Medell\u00edn, Col\u00f4mbia, de 24 a 26 de outubro de 2024.<\/p>\n\n<p><\/p>\n\n<h3 class=\"wp-block-heading text-center mt-45 h3\">\n          <strong>NOVOTEL MEDELL\u00cdN EL TESORO <\/strong>\n        <\/h3>\n\n<p class=\"text-center\">\n          <a href=\"https:\/\/wa.link\/lykl8a\">(Clique neste link para iniciar o chat com o assistente)<\/a>\n        <\/p>\n<div class=\"wp-block-image text-center\">\n<figure class=\"aligncenter size-large\"><a href=\"#\"><img loading=\"lazy\" decoding=\"async\" width=\"1024\" height=\"456\" src=\"https:\/\/finut2024.com\/wp-content\/uploads\/2024\/02\/novotel-medellin-1024x456.png\" alt=\"\" class=\"wp-image-4168\" srcset=\"https:\/\/finut2024.com\/wp-content\/uploads\/2024\/02\/novotel-medellin-1024x456.png 1024w, https:\/\/finut2024.com\/wp-content\/uploads\/2024\/02\/novotel-medellin-300x134.png 300w, https:\/\/finut2024.com\/wp-content\/uploads\/2024\/02\/novotel-medellin-768x342.png 768w, https:\/\/finut2024.com\/wp-content\/uploads\/2024\/02\/novotel-medellin-280x125.png 280w, https:\/\/finut2024.com\/wp-content\/uploads\/2024\/02\/novotel-medellin.png 1068w\" sizes=\"auto, (max-width: 1024px) 100vw, 1024px\" \/><\/a><figcaption class=\"wp-element-caption\">Para mais informa\u00e7\u00f5es sobre o hotel, clique duas vezes na foto.<\/figcaption><\/figure><\/div>\n<h3 class=\"wp-block-heading text-center mt-45 h3 mb-20\">\n          <strong>BLUE SUITES MEDELL\u00cdN<\/strong>\n        <\/h3>\n\n<figure class=\"wp-block-image size-large text-center\"><img loading=\"lazy\" decoding=\"async\" width=\"1024\" height=\"600\" src=\"https:\/\/finut2024.com\/wp-content\/uploads\/2024\/02\/blues-suites-medellin-1024x600.png\" alt=\"\" class=\"wp-image-4162\" srcset=\"https:\/\/finut2024.com\/wp-content\/uploads\/2024\/02\/blues-suites-medellin-1024x600.png 1024w, https:\/\/finut2024.com\/wp-content\/uploads\/2024\/02\/blues-suites-medellin-300x176.png 300w, https:\/\/finut2024.com\/wp-content\/uploads\/2024\/02\/blues-suites-medellin-768x450.png 768w, https:\/\/finut2024.com\/wp-content\/uploads\/2024\/02\/blues-suites-medellin-280x164.png 280w, https:\/\/finut2024.com\/wp-content\/uploads\/2024\/02\/blues-suites-medellin.png 1072w\" sizes=\"auto, (max-width: 1024px) 100vw, 1024px\" \/><figcaption class=\"wp-element-caption\">Para mais informa\u00e7\u00f5es sobre o hotel, clique duas vezes na foto.<\/figcaption><\/figure>\n\n<p><\/p>\n\n<p><\/p>\n\n<p><\/p>\n\n<p>Em qualquer caso, voc\u00ea pode visitar nossa se\u00e7\u00e3o sobre a cidade de <a href=\"https:\/\/finut2024.com\/pt-pt\/medellin\/\"><strong>Medell\u00edn<\/strong><\/a> para encontrar informa\u00e7\u00f5es \u00fateis sobre a cidade e conhecer as melhores \u00e1reas para se hospedar.<\/p>\n","protected":false},"excerpt":{"rendered":"<p>Por ocasi\u00e3o da III Confer\u00eancia FINUT 2024, colocamos \u00e0 sua disposi\u00e7\u00e3o a seguinte lista de hot\u00e9is onde poder\u00e1 beneficiar de uma tarifa reduzida. Informamos que voc\u00ea poder\u00e1 se beneficiar de melhores tarifas de hospedagem se, ao entrar em contato com algum dos seguintes hot\u00e9is para fazer sua reserva, indicar que est\u00e1 participando da III Confer\u00eancia<\/p>\n","protected":false},"author":1,"featured_media":0,"parent":0,"menu_order":0,"comment_status":"closed","ping_status":"closed","template":"","meta":{"footnotes":""},"class_list":["post-3753","page","type-page","status-publish","hentry"],"yoast_head":"<!-- This site is optimized with the Yoast SEO plugin v26.3 - https:\/\/yoast.com\/wordpress\/plugins\/seo\/ -->\n<title>Alojamento - Finut 2024<\/title>\n<meta name=\"robots\" content=\"index, follow, max-snippet:-1, max-image-preview:large, max-video-preview:-1\" \/>\n<link rel=\"canonical\" href=\"https:\/\/finut2024.com\/pt-pt\/alojamento\/\" \/>\n<meta property=\"og:locale\" content=\"pt_PT\" \/>\n<meta property=\"og:type\" content=\"article\" \/>\n<meta property=\"og:title\" content=\"Alojamento - Finut 2024\" \/>\n<meta property=\"og:description\" content=\"Por ocasi\u00e3o da III Confer\u00eancia FINUT 2024, colocamos \u00e0 sua disposi\u00e7\u00e3o a seguinte lista de hot\u00e9is onde poder\u00e1 beneficiar de uma tarifa reduzida. Informamos que voc\u00ea poder\u00e1 se beneficiar de melhores tarifas de hospedagem se, ao entrar em contato com algum dos seguintes hot\u00e9is para fazer sua reserva, indicar que est\u00e1 participando da III Confer\u00eancia\" \/>\n<meta property=\"og:url\" content=\"https:\/\/finut2024.com\/pt-pt\/alojamento\/\" \/>\n<meta property=\"og:site_name\" content=\"Finut 2024\" \/>\n<meta property=\"article:modified_time\" content=\"2024-03-26T09:59:39+00:00\" \/>\n<meta property=\"og:image\" content=\"https:\/\/finut2024.com\/wp-content\/uploads\/2024\/02\/novotel-medellin-1024x456.png\" \/>\n<meta name=\"twitter:card\" content=\"summary_large_image\" \/>\n<meta name=\"twitter:label1\" content=\"Tempo estimado de leitura\" \/>\n\t<meta name=\"twitter:data1\" content=\"1 minuto\" \/>\n<script type=\"application\/ld+json\" class=\"yoast-schema-graph\">{\"@context\":\"https:\/\/schema.org\",\"@graph\":[{\"@type\":\"WebPage\",\"@id\":\"https:\/\/finut2024.com\/pt-pt\/alojamento\/\",\"url\":\"https:\/\/finut2024.com\/pt-pt\/alojamento\/\",\"name\":\"Alojamento - Finut 2024\",\"isPartOf\":{\"@id\":\"https:\/\/finut2024.com\/pt-pt\/#website\"},\"primaryImageOfPage\":{\"@id\":\"https:\/\/finut2024.com\/pt-pt\/alojamento\/#primaryimage\"},\"image\":{\"@id\":\"https:\/\/finut2024.com\/pt-pt\/alojamento\/#primaryimage\"},\"thumbnailUrl\":\"https:\/\/finut2024.com\/wp-content\/uploads\/2024\/02\/novotel-medellin-1024x456.png\",\"datePublished\":\"2023-08-31T08:04:35+00:00\",\"dateModified\":\"2024-03-26T09:59:39+00:00\",\"breadcrumb\":{\"@id\":\"https:\/\/finut2024.com\/pt-pt\/alojamento\/#breadcrumb\"},\"inLanguage\":\"pt-PT\",\"potentialAction\":[{\"@type\":\"ReadAction\",\"target\":[\"https:\/\/finut2024.com\/pt-pt\/alojamento\/\"]}]},{\"@type\":\"ImageObject\",\"inLanguage\":\"pt-PT\",\"@id\":\"https:\/\/finut2024.com\/pt-pt\/alojamento\/#primaryimage\",\"url\":\"https:\/\/finut2024.com\/wp-content\/uploads\/2024\/02\/novotel-medellin-1024x456.png\",\"contentUrl\":\"https:\/\/finut2024.com\/wp-content\/uploads\/2024\/02\/novotel-medellin-1024x456.png\"},{\"@type\":\"BreadcrumbList\",\"@id\":\"https:\/\/finut2024.com\/pt-pt\/alojamento\/#breadcrumb\",\"itemListElement\":[{\"@type\":\"ListItem\",\"position\":1,\"name\":\"Portada\",\"item\":\"https:\/\/finut2024.com\/pt-pt\/\"},{\"@type\":\"ListItem\",\"position\":2,\"name\":\"Alojamento\"}]},{\"@type\":\"WebSite\",\"@id\":\"https:\/\/finut2024.com\/pt-pt\/#website\",\"url\":\"https:\/\/finut2024.com\/pt-pt\/\",\"name\":\"Finut 2024\",\"description\":\"Finut 2024\",\"potentialAction\":[{\"@type\":\"SearchAction\",\"target\":{\"@type\":\"EntryPoint\",\"urlTemplate\":\"https:\/\/finut2024.com\/pt-pt\/?s={search_term_string}\"},\"query-input\":{\"@type\":\"PropertyValueSpecification\",\"valueRequired\":true,\"valueName\":\"search_term_string\"}}],\"inLanguage\":\"pt-PT\"}]}<\/script>\n<!-- \/ Yoast SEO plugin. -->","yoast_head_json":{"title":"Alojamento - Finut 2024","robots":{"index":"index","follow":"follow","max-snippet":"max-snippet:-1","max-image-preview":"max-image-preview:large","max-video-preview":"max-video-preview:-1"},"canonical":"https:\/\/finut2024.com\/pt-pt\/alojamento\/","og_locale":"pt_PT","og_type":"article","og_title":"Alojamento - Finut 2024","og_description":"Por ocasi\u00e3o da III Confer\u00eancia FINUT 2024, colocamos \u00e0 sua disposi\u00e7\u00e3o a seguinte lista de hot\u00e9is onde poder\u00e1 beneficiar de uma tarifa reduzida. Informamos que voc\u00ea poder\u00e1 se beneficiar de melhores tarifas de hospedagem se, ao entrar em contato com algum dos seguintes hot\u00e9is para fazer sua reserva, indicar que est\u00e1 participando da III Confer\u00eancia","og_url":"https:\/\/finut2024.com\/pt-pt\/alojamento\/","og_site_name":"Finut 2024","article_modified_time":"2024-03-26T09:59:39+00:00","og_image":[{"url":"https:\/\/finut2024.com\/wp-content\/uploads\/2024\/02\/novotel-medellin-1024x456.png","type":"","width":"","height":""}],"twitter_card":"summary_large_image","twitter_misc":{"Tempo estimado de leitura":"1 minuto"},"schema":{"@context":"https:\/\/schema.org","@graph":[{"@type":"WebPage","@id":"https:\/\/finut2024.com\/pt-pt\/alojamento\/","url":"https:\/\/finut2024.com\/pt-pt\/alojamento\/","name":"Alojamento - Finut 2024","isPartOf":{"@id":"https:\/\/finut2024.com\/pt-pt\/#website"},"primaryImageOfPage":{"@id":"https:\/\/finut2024.com\/pt-pt\/alojamento\/#primaryimage"},"image":{"@id":"https:\/\/finut2024.com\/pt-pt\/alojamento\/#primaryimage"},"thumbnailUrl":"https:\/\/finut2024.com\/wp-content\/uploads\/2024\/02\/novotel-medellin-1024x456.png","datePublished":"2023-08-31T08:04:35+00:00","dateModified":"2024-03-26T09:59:39+00:00","breadcrumb":{"@id":"https:\/\/finut2024.com\/pt-pt\/alojamento\/#breadcrumb"},"inLanguage":"pt-PT","potentialAction":[{"@type":"ReadAction","target":["https:\/\/finut2024.com\/pt-pt\/alojamento\/"]}]},{"@type":"ImageObject","inLanguage":"pt-PT","@id":"https:\/\/finut2024.com\/pt-pt\/alojamento\/#primaryimage","url":"https:\/\/finut2024.com\/wp-content\/uploads\/2024\/02\/novotel-medellin-1024x456.png","contentUrl":"https:\/\/finut2024.com\/wp-content\/uploads\/2024\/02\/novotel-medellin-1024x456.png"},{"@type":"BreadcrumbList","@id":"https:\/\/finut2024.com\/pt-pt\/alojamento\/#breadcrumb","itemListElement":[{"@type":"ListItem","position":1,"name":"Portada","item":"https:\/\/finut2024.com\/pt-pt\/"},{"@type":"ListItem","position":2,"name":"Alojamento"}]},{"@type":"WebSite","@id":"https:\/\/finut2024.com\/pt-pt\/#website","url":"https:\/\/finut2024.com\/pt-pt\/","name":"Finut 2024","description":"Finut 2024","potentialAction":[{"@type":"SearchAction","target":{"@type":"EntryPoint","urlTemplate":"https:\/\/finut2024.com\/pt-pt\/?s={search_term_string}"},"query-input":{"@type":"PropertyValueSpecification","valueRequired":true,"valueName":"search_term_string"}}],"inLanguage":"pt-PT"}]}},"_hostinger_reach_plugin_has_subscription_block":false,"_hostinger_reach_plugin_is_elementor":false,"zion_builder_status":false,"_links":{"self":[{"href":"https:\/\/finut2024.com\/pt-pt\/wp-json\/wp\/v2\/pages\/3753","targetHints":{"allow":["GET"]}}],"collection":[{"href":"https:\/\/finut2024.com\/pt-pt\/wp-json\/wp\/v2\/pages"}],"about":[{"href":"https:\/\/finut2024.com\/pt-pt\/wp-json\/wp\/v2\/types\/page"}],"author":[{"embeddable":true,"href":"https:\/\/finut2024.com\/pt-pt\/wp-json\/wp\/v2\/users\/1"}],"replies":[{"embeddable":true,"href":"https:\/\/finut2024.com\/pt-pt\/wp-json\/wp\/v2\/comments?post=3753"}],"version-history":[{"count":9,"href":"https:\/\/finut2024.com\/pt-pt\/wp-json\/wp\/v2\/pages\/3753\/revisions"}],"predecessor-version":[{"id":4329,"href":"https:\/\/finut2024.com\/pt-pt\/wp-json\/wp\/v2\/pages\/3753\/revisions\/4329"}],"wp:attachment":[{"href":"https:\/\/finut2024.com\/pt-pt\/wp-json\/wp\/v2\/media?parent=3753"}],"curies":[{"name":"wp","href":"https:\/\/api.w.org\/{rel}","templated":true}]}}