{"id":3747,"date":"2023-08-31T08:25:55","date_gmt":"2023-08-31T08:25:55","guid":{"rendered":"https:\/\/finut2024.com\/conflitos-de-interesse\/"},"modified":"2024-01-11T09:51:35","modified_gmt":"2024-01-11T09:51:35","slug":"conflitos-de-interesse","status":"publish","type":"page","link":"https:\/\/finut2024.com\/pt-pt\/conflitos-de-interesse\/","title":{"rendered":"Conflitos de interesse"},"content":{"rendered":"\n<h3 class=\"wp-block-heading text-center h3\">\n          <strong>POL\u00cdTICA GERAL DA FINUT<\/strong>\n        <\/h3>\n\n<p>A principal pol\u00edtica da FINUT \u00e9 a abertura para que todos os sectores envolvidos na alimenta\u00e7\u00e3o, nutri\u00e7\u00e3o e sa\u00fade das popula\u00e7\u00f5es possam participar nas suas actividades. Por isso, oferece oportunidade \u00e0s entidades p\u00fablicas e privadas envolvidas na alimenta\u00e7\u00e3o e nutri\u00e7\u00e3o da popula\u00e7\u00e3o para que possam apresentar as suas preocupa\u00e7\u00f5es e avan\u00e7os, a fim de promover o conhecimento e resolver quest\u00f5es que influenciam a sa\u00fade dos habitantes da regi\u00e3o iberoamericana.<\/p>\n\n<p>Link para mais informa\u00e7\u00f5es: <a href=\"https:\/\/www.finut.org\/conocenos\/\">https:\/\/www.finut.org\/conocenos\/<\/a><\/p>\n\n<h3 class=\"wp-block-heading text-center mt-45 h3\">\n          <strong>POL\u00cdTICAS DA CONFER\u00caNCIA FINUT<\/strong>\n        <\/h3>\n\n<h4 class=\"wp-block-heading mt-20 bg-blue-title h4\">\n          <strong>1 &#8211; CONFLITO DE INTERESSES<\/strong>\n        <\/h4>\n\n<p>\n          <strong>Ess\u00eancia da pol\u00edtica<\/strong>\n        <\/p>\n\n<p>A qualidade e a excel\u00eancia cient\u00edfica da Confer\u00eancia s\u00e3o dois dos seus aspectos b\u00e1sicos e essenciais. Para garantir estes aspectos, a FINUT considera essencial a participa\u00e7\u00e3o de todos os actores e sectores envolvidos na \u00e1rea da alimenta\u00e7\u00e3o e nutri\u00e7\u00e3o.<\/p>\n\n<p>\n          <strong>Medidas<\/strong>\n        <\/p>\n\n<ul class=\"wp-block-list\">\n<li>Todas as propostas de participa\u00e7\u00e3o recebidas pela Confer\u00eancia FINUT ser\u00e3o avaliadas por um Comit\u00ea Cient\u00edfico de renome internacional. O comit\u00ea \u00e9 anunciado no site da Confer\u00eancia.<\/li>\n\n\n\n<li>\u00c9 exigida a relev\u00e2ncia e qualidade cient\u00edfica de cada uma das atividades propostas pelas entidades.<\/li>\n\n\n\n<li>Nenhuma marca espec\u00edfica de produto poder\u00e1 ser mencionada ou anunciada em nenhuma das atividades organizadas.<\/li>\n\n\n\n<li>A confer\u00eancia ter\u00e1 \u00e1rea de estande definida e, fora dessa \u00e1rea, as entidades n\u00e3o poder\u00e3o utilizar os espa\u00e7os da confer\u00eancia para promover qualquer produto ou servi\u00e7o espec\u00edfico.<\/li>\n\n\n\n<li>Em rela\u00e7\u00e3o aos estandes, as entidades dever\u00e3o apresentar proposta com os produtos e servi\u00e7os que ali ser\u00e3o oferecidos para serem avaliados e, se for o caso, autorizados pela Comiss\u00e3o Organizadora do Congresso.<\/li>\n<\/ul>\n\n<h4 class=\"wp-block-heading mt-30 bg-blue-title h4\">\n          <strong>2 &#8211; POL\u00cdTICA DE TRANSPAR\u00caNCIA<\/strong>\n        <\/h4>\n\n<p>\n          <strong>Medidas<\/strong>\n        <\/p>\n\n<p>As entidades participantes, p\u00fablicas e privadas, est\u00e3o sujeitas ao cumprimento das seguintes especifica\u00e7\u00f5es:<\/p>\n\n<ul class=\"wp-block-list\">\n<li>Todos os simp\u00f3sios possuem os dados de seus organizadores e caso possuam outro colaborador que n\u00e3o o organizador, seu nome ser\u00e1 reconhecido dentro do programa.<\/li>\n\n\n\n<li>Os stands est\u00e3o perfeitamente identificados pela entidade que os patrocina.<\/li>\n\n\n\n<li>Qualquer colabora\u00e7\u00e3o de outra natureza \u00e9 tamb\u00e9m reconhecida visivelmente nos diversos meios de comunica\u00e7\u00e3o que a Confer\u00eancia oferece.<\/li>\n<\/ul>\n\n<p>\n          <strong>Utiliza\u00e7\u00e3o dos fundos recebidos<\/strong>\n        <\/p>\n\n<p><strong>Organiza\u00e7\u00e3o da Confer\u00eancia FINUT:<\/strong> Os fundos obtidos ser\u00e3o utilizados, principalmente, para cobrir os custos de organiza\u00e7\u00e3o de uma confer\u00eancia de forma a garantir um servi\u00e7o de qualidade ao n\u00edvel do n\u00edvel cient\u00edfico dos participantes, instala\u00e7\u00f5es, meios e outros servi\u00e7os.<\/p>\n\n<p><strong>Atribui\u00e7\u00e3o de bolsas a jovens:<\/strong> As bolsas ser\u00e3o atribu\u00eddas a estudantes e\/ou profissionais origin\u00e1rios de um pa\u00eds ibero-americano ou que desenvolvam a sua atividade cient\u00edfica na regi\u00e3o de acordo com crit\u00e9rios de excel\u00eancia cient\u00edfica.<\/p>\n\n<p><strong>Benef\u00edcio econ\u00f4mico da Confer\u00eancia FINUT:<\/strong> O benef\u00edcio econ\u00f4mico gerado por este evento ser\u00e1 utilizado para os fins descritos abaixo.<\/p>\n\n<ul class=\"wp-block-list\">\n<li>Para efeitos de interesse geral da funda\u00e7\u00e3o, cumprir a legisla\u00e7\u00e3o das entidades sem fins lucrativos em Espanha que exige o reinvestimento de um m\u00ednimo de 70%. No m\u00e1ximo 30% dessas receitas poder\u00e3o ser utilizadas para despesas comuns e administrativas do FINUT.<\/li>\n\n\n\n<li>Aumentar a autonomia da FINUT para planear e executar atividades de elevado interesse para a sua comunidade e reduzir a depend\u00eancia de recursos externos para a sua realiza\u00e7\u00e3o.<\/li>\n\n\n\n<li>Para cobrir os custos estruturais que decorrem da actividade quotidiana da funda\u00e7\u00e3o como despesas com pessoal, aluguer da sede, despesas com fornecimentos, etc.<\/li>\n<\/ul>\n\n<p>\n          <strong>Monitoramento<\/strong>\n        <\/p>\n\n<p>O FINUT rege-se pela Lei espanhola 50\/2002, de 26 de dezembro, sobre Funda\u00e7\u00f5es, que exige a elabora\u00e7\u00e3o de um relat\u00f3rio anual no qual s\u00e3o declaradas a origem e o destino dos fundos recebidos durante o ano. Este relat\u00f3rio \u00e9 entregue aos membros do Conselho Curador e publicado no site da FINUT.<\/p>\n\n<p>A FINUT publica anualmente no seu site o montante e a origem dos fundos recebidos para o desenvolvimento das suas atividades.<\/p>\n","protected":false},"excerpt":{"rendered":"<p>POL\u00cdTICA GERAL DA FINUT A principal pol\u00edtica da FINUT \u00e9 a abertura para que todos os sectores envolvidos na alimenta\u00e7\u00e3o, nutri\u00e7\u00e3o e sa\u00fade das popula\u00e7\u00f5es possam participar nas suas actividades. Por isso, oferece oportunidade \u00e0s entidades p\u00fablicas e privadas envolvidas na alimenta\u00e7\u00e3o e nutri\u00e7\u00e3o da popula\u00e7\u00e3o para que possam apresentar as suas preocupa\u00e7\u00f5es e avan\u00e7os,<\/p>\n","protected":false},"author":1,"featured_media":0,"parent":0,"menu_order":0,"comment_status":"closed","ping_status":"closed","template":"","meta":{"footnotes":""},"class_list":["post-3747","page","type-page","status-publish","hentry"],"yoast_head":"<!-- This site is optimized with the Yoast SEO plugin v26.3 - https:\/\/yoast.com\/wordpress\/plugins\/seo\/ -->\n<title>Conflitos de interesse - Finut 2024<\/title>\n<meta name=\"robots\" content=\"index, follow, max-snippet:-1, max-image-preview:large, max-video-preview:-1\" \/>\n<link rel=\"canonical\" href=\"https:\/\/finut2024.com\/pt-pt\/conflitos-de-interesse\/\" \/>\n<meta property=\"og:locale\" content=\"pt_PT\" \/>\n<meta property=\"og:type\" content=\"article\" \/>\n<meta property=\"og:title\" content=\"Conflitos de interesse - Finut 2024\" \/>\n<meta property=\"og:description\" content=\"POL\u00cdTICA GERAL DA FINUT A principal pol\u00edtica da FINUT \u00e9 a abertura para que todos os sectores envolvidos na alimenta\u00e7\u00e3o, nutri\u00e7\u00e3o e sa\u00fade das popula\u00e7\u00f5es possam participar nas suas actividades. Por isso, oferece oportunidade \u00e0s entidades p\u00fablicas e privadas envolvidas na alimenta\u00e7\u00e3o e nutri\u00e7\u00e3o da popula\u00e7\u00e3o para que possam apresentar as suas preocupa\u00e7\u00f5es e avan\u00e7os,\" \/>\n<meta property=\"og:url\" content=\"https:\/\/finut2024.com\/pt-pt\/conflitos-de-interesse\/\" \/>\n<meta property=\"og:site_name\" content=\"Finut 2024\" \/>\n<meta property=\"article:modified_time\" content=\"2024-01-11T09:51:35+00:00\" \/>\n<meta name=\"twitter:card\" content=\"summary_large_image\" \/>\n<meta name=\"twitter:label1\" content=\"Tempo estimado de leitura\" \/>\n\t<meta name=\"twitter:data1\" content=\"3 minutos\" \/>\n<script type=\"application\/ld+json\" class=\"yoast-schema-graph\">{\"@context\":\"https:\/\/schema.org\",\"@graph\":[{\"@type\":\"WebPage\",\"@id\":\"https:\/\/finut2024.com\/pt-pt\/conflitos-de-interesse\/\",\"url\":\"https:\/\/finut2024.com\/pt-pt\/conflitos-de-interesse\/\",\"name\":\"Conflitos de interesse - Finut 2024\",\"isPartOf\":{\"@id\":\"https:\/\/finut2024.com\/pt-pt\/#website\"},\"datePublished\":\"2023-08-31T08:25:55+00:00\",\"dateModified\":\"2024-01-11T09:51:35+00:00\",\"breadcrumb\":{\"@id\":\"https:\/\/finut2024.com\/pt-pt\/conflitos-de-interesse\/#breadcrumb\"},\"inLanguage\":\"pt-PT\",\"potentialAction\":[{\"@type\":\"ReadAction\",\"target\":[\"https:\/\/finut2024.com\/pt-pt\/conflitos-de-interesse\/\"]}]},{\"@type\":\"BreadcrumbList\",\"@id\":\"https:\/\/finut2024.com\/pt-pt\/conflitos-de-interesse\/#breadcrumb\",\"itemListElement\":[{\"@type\":\"ListItem\",\"position\":1,\"name\":\"Portada\",\"item\":\"https:\/\/finut2024.com\/pt-pt\/\"},{\"@type\":\"ListItem\",\"position\":2,\"name\":\"Conflitos de interesse\"}]},{\"@type\":\"WebSite\",\"@id\":\"https:\/\/finut2024.com\/pt-pt\/#website\",\"url\":\"https:\/\/finut2024.com\/pt-pt\/\",\"name\":\"Finut 2024\",\"description\":\"Finut 2024\",\"potentialAction\":[{\"@type\":\"SearchAction\",\"target\":{\"@type\":\"EntryPoint\",\"urlTemplate\":\"https:\/\/finut2024.com\/pt-pt\/?s={search_term_string}\"},\"query-input\":{\"@type\":\"PropertyValueSpecification\",\"valueRequired\":true,\"valueName\":\"search_term_string\"}}],\"inLanguage\":\"pt-PT\"}]}<\/script>\n<!-- \/ Yoast SEO plugin. -->","yoast_head_json":{"title":"Conflitos de interesse - Finut 2024","robots":{"index":"index","follow":"follow","max-snippet":"max-snippet:-1","max-image-preview":"max-image-preview:large","max-video-preview":"max-video-preview:-1"},"canonical":"https:\/\/finut2024.com\/pt-pt\/conflitos-de-interesse\/","og_locale":"pt_PT","og_type":"article","og_title":"Conflitos de interesse - Finut 2024","og_description":"POL\u00cdTICA GERAL DA FINUT A principal pol\u00edtica da FINUT \u00e9 a abertura para que todos os sectores envolvidos na alimenta\u00e7\u00e3o, nutri\u00e7\u00e3o e sa\u00fade das popula\u00e7\u00f5es possam participar nas suas actividades. Por isso, oferece oportunidade \u00e0s entidades p\u00fablicas e privadas envolvidas na alimenta\u00e7\u00e3o e nutri\u00e7\u00e3o da popula\u00e7\u00e3o para que possam apresentar as suas preocupa\u00e7\u00f5es e avan\u00e7os,","og_url":"https:\/\/finut2024.com\/pt-pt\/conflitos-de-interesse\/","og_site_name":"Finut 2024","article_modified_time":"2024-01-11T09:51:35+00:00","twitter_card":"summary_large_image","twitter_misc":{"Tempo estimado de leitura":"3 minutos"},"schema":{"@context":"https:\/\/schema.org","@graph":[{"@type":"WebPage","@id":"https:\/\/finut2024.com\/pt-pt\/conflitos-de-interesse\/","url":"https:\/\/finut2024.com\/pt-pt\/conflitos-de-interesse\/","name":"Conflitos de interesse - Finut 2024","isPartOf":{"@id":"https:\/\/finut2024.com\/pt-pt\/#website"},"datePublished":"2023-08-31T08:25:55+00:00","dateModified":"2024-01-11T09:51:35+00:00","breadcrumb":{"@id":"https:\/\/finut2024.com\/pt-pt\/conflitos-de-interesse\/#breadcrumb"},"inLanguage":"pt-PT","potentialAction":[{"@type":"ReadAction","target":["https:\/\/finut2024.com\/pt-pt\/conflitos-de-interesse\/"]}]},{"@type":"BreadcrumbList","@id":"https:\/\/finut2024.com\/pt-pt\/conflitos-de-interesse\/#breadcrumb","itemListElement":[{"@type":"ListItem","position":1,"name":"Portada","item":"https:\/\/finut2024.com\/pt-pt\/"},{"@type":"ListItem","position":2,"name":"Conflitos de interesse"}]},{"@type":"WebSite","@id":"https:\/\/finut2024.com\/pt-pt\/#website","url":"https:\/\/finut2024.com\/pt-pt\/","name":"Finut 2024","description":"Finut 2024","potentialAction":[{"@type":"SearchAction","target":{"@type":"EntryPoint","urlTemplate":"https:\/\/finut2024.com\/pt-pt\/?s={search_term_string}"},"query-input":{"@type":"PropertyValueSpecification","valueRequired":true,"valueName":"search_term_string"}}],"inLanguage":"pt-PT"}]}},"_hostinger_reach_plugin_has_subscription_block":false,"_hostinger_reach_plugin_is_elementor":false,"zion_builder_status":false,"_links":{"self":[{"href":"https:\/\/finut2024.com\/pt-pt\/wp-json\/wp\/v2\/pages\/3747","targetHints":{"allow":["GET"]}}],"collection":[{"href":"https:\/\/finut2024.com\/pt-pt\/wp-json\/wp\/v2\/pages"}],"about":[{"href":"https:\/\/finut2024.com\/pt-pt\/wp-json\/wp\/v2\/types\/page"}],"author":[{"embeddable":true,"href":"https:\/\/finut2024.com\/pt-pt\/wp-json\/wp\/v2\/users\/1"}],"replies":[{"embeddable":true,"href":"https:\/\/finut2024.com\/pt-pt\/wp-json\/wp\/v2\/comments?post=3747"}],"version-history":[{"count":1,"href":"https:\/\/finut2024.com\/pt-pt\/wp-json\/wp\/v2\/pages\/3747\/revisions"}],"predecessor-version":[{"id":3748,"href":"https:\/\/finut2024.com\/pt-pt\/wp-json\/wp\/v2\/pages\/3747\/revisions\/3748"}],"wp:attachment":[{"href":"https:\/\/finut2024.com\/pt-pt\/wp-json\/wp\/v2\/media?parent=3747"}],"curies":[{"name":"wp","href":"https:\/\/api.w.org\/{rel}","templated":true}]}}